{"id":342,"date":"2024-12-20T13:14:18","date_gmt":"2024-12-20T12:14:18","guid":{"rendered":"https:\/\/www.pitegrity.com\/?page_id=342"},"modified":"2025-08-20T18:04:44","modified_gmt":"2025-08-20T16:04:44","slug":"politica-de-calidad","status":"publish","type":"page","link":"https:\/\/www.pitegrity.com\/en\/politica-de-calidad\/","title":{"rendered":"Quality Policy"},"content":{"rendered":"<div data-elementor-type=\"wp-page\" data-elementor-id=\"342\" class=\"elementor elementor-342\" data-elementor-post-type=\"page\">\n\t\t\t\t\t\t<section class=\"elementor-section elementor-top-section elementor-element elementor-element-f925e7b elementor-section-boxed elementor-section-height-default elementor-section-height-default\" data-id=\"f925e7b\" data-element_type=\"section\" data-settings=\"{&quot;background_background&quot;:&quot;classic&quot;}\">\n\t\t\t\t\t\t<div class=\"elementor-container elementor-column-gap-default\">\n\t\t\t\t\t<div class=\"elementor-column elementor-col-100 elementor-top-column elementor-element elementor-element-0c205ac\" data-id=\"0c205ac\" data-element_type=\"column\">\n\t\t\t<div class=\"elementor-widget-wrap elementor-element-populated\">\n\t\t\t\t\t\t<div class=\"elementor-element elementor-element-bf585c9 elementor-widget elementor-widget-heading\" data-id=\"bf585c9\" data-element_type=\"widget\" data-widget_type=\"heading.default\">\n\t\t\t\t<div class=\"elementor-widget-container\">\n\t\t\t\t\t<h2 class=\"elementor-heading-title elementor-size-default\">Quality Policy<\/h2>\t\t\t\t<\/div>\n\t\t\t\t<\/div>\n\t\t\t\t<div class=\"elementor-element elementor-element-01ac309 elementor-widget elementor-widget-heading\" data-id=\"01ac309\" data-element_type=\"widget\" data-widget_type=\"heading.default\">\n\t\t\t\t<div class=\"elementor-widget-container\">\n\t\t\t\t\t<h1 class=\"elementor-heading-title elementor-size-default\">PITEGRITY SLU <\/h1>\t\t\t\t<\/div>\n\t\t\t\t<\/div>\n\t\t\t\t\t<\/div>\n\t\t<\/div>\n\t\t\t\t\t<\/div>\n\t\t<\/section>\n\t\t\t\t<section class=\"elementor-section elementor-top-section elementor-element elementor-element-55804f3 elementor-section-content-middle elementor-section-boxed elementor-section-height-default elementor-section-height-default\" data-id=\"55804f3\" data-element_type=\"section\">\n\t\t\t\t\t\t<div class=\"elementor-container elementor-column-gap-default\">\n\t\t\t\t\t<div class=\"elementor-column elementor-col-50 elementor-top-column elementor-element elementor-element-407acbb\" data-id=\"407acbb\" data-element_type=\"column\">\n\t\t\t<div class=\"elementor-widget-wrap elementor-element-populated\">\n\t\t\t\t\t\t<div class=\"elementor-element elementor-element-e23f0c2 elementor-widget elementor-widget-text-editor\" data-id=\"e23f0c2\" data-element_type=\"widget\" data-widget_type=\"text-editor.default\">\n\t\t\t\t<div class=\"elementor-widget-container\">\n\t\t\t\t\t\t\t\t\t<p><strong>PITEGRITY SLU<\/strong> busca diferenciarse en el sector de la industria petroqu\u00edmica, por lo que ha decidido implementar un sistema integrado de calidad. Este sistema, conforme a la normativa de calidad ISO 9001:2015, involucra a toda la empresa.<\/p><h3><strong>Alcance:<\/strong><\/h3><p><em><strong>Servicios y consultor\u00eda de confiabilidad de activos y procesos del sector petroqu\u00edmico.<\/strong><\/em><\/p>\t\t\t\t\t\t\t\t<\/div>\n\t\t\t\t<\/div>\n\t\t\t\t\t<\/div>\n\t\t<\/div>\n\t\t\t\t<div class=\"elementor-column elementor-col-50 elementor-top-column elementor-element elementor-element-743476b\" data-id=\"743476b\" data-element_type=\"column\">\n\t\t\t<div class=\"elementor-widget-wrap elementor-element-populated\">\n\t\t\t\t\t\t<div class=\"elementor-element elementor-element-f7ab71d elementor-widget elementor-widget-image\" data-id=\"f7ab71d\" data-element_type=\"widget\" data-widget_type=\"image.default\">\n\t\t\t\t<div class=\"elementor-widget-container\">\n\t\t\t\t\t\t\t\t\t\t\t\t\t\t\t<img decoding=\"async\" width=\"326\" height=\"110\" src=\"https:\/\/www.pitegrity.com\/wp-content\/uploads\/2023\/07\/logo-trans.png\" class=\"attachment-large size-large wp-image-95\" alt=\"\" srcset=\"https:\/\/www.pitegrity.com\/wp-content\/uploads\/2023\/07\/logo-trans.png 326w, https:\/\/www.pitegrity.com\/wp-content\/uploads\/2023\/07\/logo-trans-300x101.png 300w\" sizes=\"(max-width: 326px) 100vw, 326px\" \/>\t\t\t\t\t\t\t\t\t\t\t\t\t\t\t<\/div>\n\t\t\t\t<\/div>\n\t\t\t\t\t<\/div>\n\t\t<\/div>\n\t\t\t\t\t<\/div>\n\t\t<\/section>\n\t\t\t\t<section class=\"elementor-section elementor-top-section elementor-element elementor-element-2180f42 elementor-section-boxed elementor-section-height-default elementor-section-height-default\" data-id=\"2180f42\" data-element_type=\"section\">\n\t\t\t\t\t\t<div class=\"elementor-container elementor-column-gap-default\">\n\t\t\t\t\t<div class=\"elementor-column elementor-col-100 elementor-top-column elementor-element elementor-element-d2096a2\" data-id=\"d2096a2\" data-element_type=\"column\">\n\t\t\t<div class=\"elementor-widget-wrap elementor-element-populated\">\n\t\t\t\t\t\t<div class=\"elementor-element elementor-element-a5dcdc1 elementor-widget-divider--view-line elementor-widget elementor-widget-divider\" data-id=\"a5dcdc1\" data-element_type=\"widget\" data-widget_type=\"divider.default\">\n\t\t\t\t<div class=\"elementor-widget-container\">\n\t\t\t\t\t\t\t<div class=\"elementor-divider\">\n\t\t\t<span class=\"elementor-divider-separator\">\n\t\t\t\t\t\t<\/span>\n\t\t<\/div>\n\t\t\t\t\t\t<\/div>\n\t\t\t\t<\/div>\n\t\t\t\t<div class=\"elementor-element elementor-element-1213c6e elementor-widget elementor-widget-heading\" data-id=\"1213c6e\" data-element_type=\"widget\" data-widget_type=\"heading.default\">\n\t\t\t\t<div class=\"elementor-widget-container\">\n\t\t\t\t\t<h4 class=\"elementor-heading-title elementor-size-default\">Nuestra pol\u00edtica busca cumplir con los siguientes puntos:<\/h4>\t\t\t\t<\/div>\n\t\t\t\t<\/div>\n\t\t\t\t<div class=\"elementor-element elementor-element-91506b2 elementor-align-left elementor-icon-list--layout-traditional elementor-list-item-link-full_width elementor-widget elementor-widget-icon-list\" data-id=\"91506b2\" data-element_type=\"widget\" data-widget_type=\"icon-list.default\">\n\t\t\t\t<div class=\"elementor-widget-container\">\n\t\t\t\t\t\t\t<ul class=\"elementor-icon-list-items\">\n\t\t\t\t\t\t\t<li class=\"elementor-icon-list-item\">\n\t\t\t\t\t\t\t\t\t\t\t<span class=\"elementor-icon-list-icon\">\n\t\t\t\t\t\t\t<i aria-hidden=\"true\" class=\"fas fa-angle-right\"><\/i>\t\t\t\t\t\t<\/span>\n\t\t\t\t\t\t\t\t\t\t<span class=\"elementor-icon-list-text\">Proporcionar servicios de calidad y mejora continua para satisfacer la demanda de optimizaci\u00f3n de activos, procesos y procedimientos, con el objetivo de identificar brechas y proponer mejoras y actualizaciones.<\/span>\n\t\t\t\t\t\t\t\t\t<\/li>\n\t\t\t\t\t\t\t\t<li class=\"elementor-icon-list-item\">\n\t\t\t\t\t\t\t\t\t\t\t<span class=\"elementor-icon-list-icon\">\n\t\t\t\t\t\t\t<i aria-hidden=\"true\" class=\"fas fa-angle-right\"><\/i>\t\t\t\t\t\t<\/span>\n\t\t\t\t\t\t\t\t\t\t<span class=\"elementor-icon-list-text\">Asegurar el cumplimiento de todas las normativas que sean de aplicaci\u00f3n en materia de calidad y cualquier otro requisito adicional que nuestra organizaci\u00f3n deba cumplir como parte de acuerdos con nuestros clientes. <\/span>\n\t\t\t\t\t\t\t\t\t<\/li>\n\t\t\t\t\t\t\t\t<li class=\"elementor-icon-list-item\">\n\t\t\t\t\t\t\t\t\t\t\t<span class=\"elementor-icon-list-icon\">\n\t\t\t\t\t\t\t<i aria-hidden=\"true\" class=\"fas fa-angle-right\"><\/i>\t\t\t\t\t\t<\/span>\n\t\t\t\t\t\t\t\t\t\t<span class=\"elementor-icon-list-text\">Mejorar continuamente la eficacia del Sistema de Gesti\u00f3n de Calidad y el grado de satisfacci\u00f3n de nuestros clientes mediante procesos claramente definidos y controlados. Para ello, es fundamental conocer en todo momento las necesidades y requisitos del Sistema, y dotar nuestra organizaci\u00f3n de herramientas para el seguimiento, medici\u00f3n y an\u00e1lisis de los procesos.<\/span>\n\t\t\t\t\t\t\t\t\t<\/li>\n\t\t\t\t\t\t\t\t<li class=\"elementor-icon-list-item\">\n\t\t\t\t\t\t\t\t\t\t\t<span class=\"elementor-icon-list-icon\">\n\t\t\t\t\t\t\t<i aria-hidden=\"true\" class=\"fas fa-angle-right\"><\/i>\t\t\t\t\t\t<\/span>\n\t\t\t\t\t\t\t\t\t\t<span class=\"elementor-icon-list-text\">Nuestros objetivos se centran en aumentar la satisfacci\u00f3n de nuestros clientes y evitar cualquier reclamaci\u00f3n o queja. Buscamos satisfacer al 100% las expectativas que tienen de nuestros servicios.<\/span>\n\t\t\t\t\t\t\t\t\t<\/li>\n\t\t\t\t\t\t\t\t<li class=\"elementor-icon-list-item\">\n\t\t\t\t\t\t\t\t\t\t\t<span class=\"elementor-icon-list-icon\">\n\t\t\t\t\t\t\t<i aria-hidden=\"true\" class=\"fas fa-angle-right\"><\/i>\t\t\t\t\t\t<\/span>\n\t\t\t\t\t\t\t\t\t\t<span class=\"elementor-icon-list-text\">Definir anualmente los objetivos y metas necesarios para garantizar el cumplimiento de los compromisos establecidos en esta pol\u00edtica y los solicitados por nuestros clientes.<\/span>\n\t\t\t\t\t\t\t\t\t<\/li>\n\t\t\t\t\t\t\t\t<li class=\"elementor-icon-list-item\">\n\t\t\t\t\t\t\t\t\t\t\t<span class=\"elementor-icon-list-icon\">\n\t\t\t\t\t\t\t<i aria-hidden=\"true\" class=\"fas fa-angle-right\"><\/i>\t\t\t\t\t\t<\/span>\n\t\t\t\t\t\t\t\t\t\t<span class=\"elementor-icon-list-text\">Proveer los recursos esenciales para la implantaci\u00f3n y control del Sistema de Calidad, as\u00ed como para la mejora de sus procesos.<\/span>\n\t\t\t\t\t\t\t\t\t<\/li>\n\t\t\t\t\t\t\t\t<li class=\"elementor-icon-list-item\">\n\t\t\t\t\t\t\t\t\t\t\t<span class=\"elementor-icon-list-icon\">\n\t\t\t\t\t\t\t<i aria-hidden=\"true\" class=\"fas fa-angle-right\"><\/i>\t\t\t\t\t\t<\/span>\n\t\t\t\t\t\t\t\t\t\t<span class=\"elementor-icon-list-text\">La calidad ser\u00e1 siempre objeto de mejora continua. Se aprovechar\u00e1n las dificultades para aprender y se pondr\u00e1 todo el empe\u00f1o en localizar las causas que las produjeron, para que \u00e9stas no se repitan.<\/span>\n\t\t\t\t\t\t\t\t\t<\/li>\n\t\t\t\t\t\t\t\t<li class=\"elementor-icon-list-item\">\n\t\t\t\t\t\t\t\t\t\t\t<span class=\"elementor-icon-list-icon\">\n\t\t\t\t\t\t\t<i aria-hidden=\"true\" class=\"fas fa-angle-right\"><\/i>\t\t\t\t\t\t<\/span>\n\t\t\t\t\t\t\t\t\t\t<span class=\"elementor-icon-list-text\">La direcci\u00f3n solicita la colaboraci\u00f3n y el compromiso de todo el personal involucrado en los procesos de la organizaci\u00f3n, a\u00f1adiendo valor de calidad al trabajo que cada uno aporta.<\/span>\n\t\t\t\t\t\t\t\t\t<\/li>\n\t\t\t\t\t\t\t\t<li class=\"elementor-icon-list-item\">\n\t\t\t\t\t\t\t\t\t\t\t<span class=\"elementor-icon-list-icon\">\n\t\t\t\t\t\t\t<i aria-hidden=\"true\" class=\"fas fa-angle-right\"><\/i>\t\t\t\t\t\t<\/span>\n\t\t\t\t\t\t\t\t\t\t<span class=\"elementor-icon-list-text\">Sensibilizaci\u00f3n y adaptaci\u00f3n al cambio clim\u00e1tico mediante la participaci\u00f3n de la organizaci\u00f3n y sus colaboradores, desarrollando iniciativas de concienciaci\u00f3n, formaci\u00f3n y sensibilizaci\u00f3n.<\/span>\n\t\t\t\t\t\t\t\t\t<\/li>\n\t\t\t\t\t\t\t\t<li class=\"elementor-icon-list-item\">\n\t\t\t\t\t\t\t\t\t\t\t<span class=\"elementor-icon-list-icon\">\n\t\t\t\t\t\t\t<i aria-hidden=\"true\" class=\"fas fa-angle-right\"><\/i>\t\t\t\t\t\t<\/span>\n\t\t\t\t\t\t\t\t\t\t<span class=\"elementor-icon-list-text\">Consideraci\u00f3n de los criterios de sostenibilidad en todas las actividades del Negocio, con objeto de minimizar el impacto que \u00e9stas puedan provocar sobre el medio y promoviendo en todo momento el uso racional de los recursos.<\/span>\n\t\t\t\t\t\t\t\t\t<\/li>\n\t\t\t\t\t\t<\/ul>\n\t\t\t\t\t\t<\/div>\n\t\t\t\t<\/div>\n\t\t\t\t\t<\/div>\n\t\t<\/div>\n\t\t\t\t\t<\/div>\n\t\t<\/section>\n\t\t\t\t<\/div>","protected":false},"excerpt":{"rendered":"<p>Pol\u00edtica de calidad PITEGRITY SLU PITEGRITY SLU busca diferenciarse en el sector de la industria petroqu\u00edmica, por lo que ha decidido implementar un sistema integrado de calidad. Este sistema, conforme a la normativa de calidad ISO 9001:2015, involucra a toda la empresa. Alcance: Servicios y consultor\u00eda de confiabilidad de activos y procesos del sector petroqu\u00edmico. [&hellip;]<\/p>","protected":false},"author":1,"featured_media":0,"parent":0,"menu_order":0,"comment_status":"closed","ping_status":"closed","template":"elementor_header_footer","meta":{"footnotes":""},"class_list":["post-342","page","type-page","status-publish","hentry"],"yoast_head":"<!-- This site is optimized with the Yoast SEO plugin v25.7 - https:\/\/yoast.com\/wordpress\/plugins\/seo\/ -->\n<title>Pol\u00edtica de calidad - PiTEGRITY<\/title>\n<meta name=\"robots\" content=\"index, follow, max-snippet:-1, max-image-preview:large, max-video-preview:-1\" \/>\n<link rel=\"canonical\" href=\"https:\/\/www.pitegrity.com\/en\/politica-de-calidad\/\" \/>\n<meta property=\"og:locale\" content=\"en_US\" \/>\n<meta property=\"og:type\" content=\"article\" \/>\n<meta property=\"og:title\" content=\"Pol\u00edtica de calidad - PiTEGRITY\" \/>\n<meta property=\"og:description\" content=\"Pol\u00edtica de calidad PITEGRITY SLU PITEGRITY SLU busca diferenciarse en el sector de la industria petroqu\u00edmica, por lo que ha decidido implementar un sistema integrado de calidad. Este sistema, conforme a la normativa de calidad ISO 9001:2015, involucra a toda la empresa. Alcance: Servicios y consultor\u00eda de confiabilidad de activos y procesos del sector petroqu\u00edmico. [&hellip;]\" \/>\n<meta property=\"og:url\" content=\"https:\/\/www.pitegrity.com\/en\/politica-de-calidad\/\" \/>\n<meta property=\"og:site_name\" content=\"PiTEGRITY\" \/>\n<meta property=\"article:modified_time\" content=\"2025-08-20T16:04:44+00:00\" \/>\n<meta property=\"og:image\" content=\"https:\/\/www.pitegrity.com\/wp-content\/uploads\/2023\/07\/logo-trans.png\" \/>\n\t<meta property=\"og:image:width\" content=\"326\" \/>\n\t<meta property=\"og:image:height\" content=\"110\" \/>\n\t<meta property=\"og:image:type\" content=\"image\/png\" \/>\n<meta name=\"twitter:card\" content=\"summary_large_image\" \/>\n<meta name=\"twitter:label1\" content=\"Est. reading time\" \/>\n\t<meta name=\"twitter:data1\" content=\"2 minutes\" \/>\n<script type=\"application\/ld+json\" class=\"yoast-schema-graph\">{\"@context\":\"https:\/\/schema.org\",\"@graph\":[{\"@type\":\"WebPage\",\"@id\":\"https:\/\/www.pitegrity.com\/politica-de-calidad\/\",\"url\":\"https:\/\/www.pitegrity.com\/politica-de-calidad\/\",\"name\":\"Pol\u00edtica de calidad - PiTEGRITY\",\"isPartOf\":{\"@id\":\"https:\/\/www.pitegrity.com\/#website\"},\"primaryImageOfPage\":{\"@id\":\"https:\/\/www.pitegrity.com\/politica-de-calidad\/#primaryimage\"},\"image\":{\"@id\":\"https:\/\/www.pitegrity.com\/politica-de-calidad\/#primaryimage\"},\"thumbnailUrl\":\"https:\/\/www.pitegrity.com\/wp-content\/uploads\/2023\/07\/logo-trans.png\",\"datePublished\":\"2024-12-20T12:14:18+00:00\",\"dateModified\":\"2025-08-20T16:04:44+00:00\",\"breadcrumb\":{\"@id\":\"https:\/\/www.pitegrity.com\/politica-de-calidad\/#breadcrumb\"},\"inLanguage\":\"en-US\",\"potentialAction\":[{\"@type\":\"ReadAction\",\"target\":[\"https:\/\/www.pitegrity.com\/politica-de-calidad\/\"]}]},{\"@type\":\"ImageObject\",\"inLanguage\":\"en-US\",\"@id\":\"https:\/\/www.pitegrity.com\/politica-de-calidad\/#primaryimage\",\"url\":\"https:\/\/www.pitegrity.com\/wp-content\/uploads\/2023\/07\/logo-trans.png\",\"contentUrl\":\"https:\/\/www.pitegrity.com\/wp-content\/uploads\/2023\/07\/logo-trans.png\"},{\"@type\":\"BreadcrumbList\",\"@id\":\"https:\/\/www.pitegrity.com\/politica-de-calidad\/#breadcrumb\",\"itemListElement\":[{\"@type\":\"ListItem\",\"position\":1,\"name\":\"Portada\",\"item\":\"https:\/\/www.pitegrity.com\/\"},{\"@type\":\"ListItem\",\"position\":2,\"name\":\"Pol\u00edtica de calidad\"}]},{\"@type\":\"WebSite\",\"@id\":\"https:\/\/www.pitegrity.com\/#website\",\"url\":\"https:\/\/www.pitegrity.com\/\",\"name\":\"PiTEGRITY\",\"description\":\"\",\"publisher\":{\"@id\":\"https:\/\/www.pitegrity.com\/#organization\"},\"potentialAction\":[{\"@type\":\"SearchAction\",\"target\":{\"@type\":\"EntryPoint\",\"urlTemplate\":\"https:\/\/www.pitegrity.com\/?s={search_term_string}\"},\"query-input\":{\"@type\":\"PropertyValueSpecification\",\"valueRequired\":true,\"valueName\":\"search_term_string\"}}],\"inLanguage\":\"en-US\"},{\"@type\":\"Organization\",\"@id\":\"https:\/\/www.pitegrity.com\/#organization\",\"name\":\"PiTEGRITY\",\"url\":\"https:\/\/www.pitegrity.com\/\",\"logo\":{\"@type\":\"ImageObject\",\"inLanguage\":\"en-US\",\"@id\":\"https:\/\/www.pitegrity.com\/#\/schema\/logo\/image\/\",\"url\":\"https:\/\/www.pitegrity.com\/wp-content\/uploads\/2023\/07\/logo-trans.png\",\"contentUrl\":\"https:\/\/www.pitegrity.com\/wp-content\/uploads\/2023\/07\/logo-trans.png\",\"width\":326,\"height\":110,\"caption\":\"PiTEGRITY\"},\"image\":{\"@id\":\"https:\/\/www.pitegrity.com\/#\/schema\/logo\/image\/\"}}]}<\/script>\n<!-- \/ Yoast SEO plugin. -->","yoast_head_json":{"title":"Pol\u00edtica de calidad - PiTEGRITY","robots":{"index":"index","follow":"follow","max-snippet":"max-snippet:-1","max-image-preview":"max-image-preview:large","max-video-preview":"max-video-preview:-1"},"canonical":"https:\/\/www.pitegrity.com\/en\/politica-de-calidad\/","og_locale":"en_US","og_type":"article","og_title":"Pol\u00edtica de calidad - PiTEGRITY","og_description":"Pol\u00edtica de calidad PITEGRITY SLU PITEGRITY SLU busca diferenciarse en el sector de la industria petroqu\u00edmica, por lo que ha decidido implementar un sistema integrado de calidad. Este sistema, conforme a la normativa de calidad ISO 9001:2015, involucra a toda la empresa. Alcance: Servicios y consultor\u00eda de confiabilidad de activos y procesos del sector petroqu\u00edmico. [&hellip;]","og_url":"https:\/\/www.pitegrity.com\/en\/politica-de-calidad\/","og_site_name":"PiTEGRITY","article_modified_time":"2025-08-20T16:04:44+00:00","og_image":[{"width":326,"height":110,"url":"https:\/\/www.pitegrity.com\/wp-content\/uploads\/2023\/07\/logo-trans.png","type":"image\/png"}],"twitter_card":"summary_large_image","twitter_misc":{"Est. reading time":"2 minutes"},"schema":{"@context":"https:\/\/schema.org","@graph":[{"@type":"WebPage","@id":"https:\/\/www.pitegrity.com\/politica-de-calidad\/","url":"https:\/\/www.pitegrity.com\/politica-de-calidad\/","name":"Pol\u00edtica de calidad - PiTEGRITY","isPartOf":{"@id":"https:\/\/www.pitegrity.com\/#website"},"primaryImageOfPage":{"@id":"https:\/\/www.pitegrity.com\/politica-de-calidad\/#primaryimage"},"image":{"@id":"https:\/\/www.pitegrity.com\/politica-de-calidad\/#primaryimage"},"thumbnailUrl":"https:\/\/www.pitegrity.com\/wp-content\/uploads\/2023\/07\/logo-trans.png","datePublished":"2024-12-20T12:14:18+00:00","dateModified":"2025-08-20T16:04:44+00:00","breadcrumb":{"@id":"https:\/\/www.pitegrity.com\/politica-de-calidad\/#breadcrumb"},"inLanguage":"en-US","potentialAction":[{"@type":"ReadAction","target":["https:\/\/www.pitegrity.com\/politica-de-calidad\/"]}]},{"@type":"ImageObject","inLanguage":"en-US","@id":"https:\/\/www.pitegrity.com\/politica-de-calidad\/#primaryimage","url":"https:\/\/www.pitegrity.com\/wp-content\/uploads\/2023\/07\/logo-trans.png","contentUrl":"https:\/\/www.pitegrity.com\/wp-content\/uploads\/2023\/07\/logo-trans.png"},{"@type":"BreadcrumbList","@id":"https:\/\/www.pitegrity.com\/politica-de-calidad\/#breadcrumb","itemListElement":[{"@type":"ListItem","position":1,"name":"Portada","item":"https:\/\/www.pitegrity.com\/"},{"@type":"ListItem","position":2,"name":"Pol\u00edtica de calidad"}]},{"@type":"WebSite","@id":"https:\/\/www.pitegrity.com\/#website","url":"https:\/\/www.pitegrity.com\/","name":"PiTEGRITY","description":"","publisher":{"@id":"https:\/\/www.pitegrity.com\/#organization"},"potentialAction":[{"@type":"SearchAction","target":{"@type":"EntryPoint","urlTemplate":"https:\/\/www.pitegrity.com\/?s={search_term_string}"},"query-input":{"@type":"PropertyValueSpecification","valueRequired":true,"valueName":"search_term_string"}}],"inLanguage":"en-US"},{"@type":"Organization","@id":"https:\/\/www.pitegrity.com\/#organization","name":"PiTEGRITY","url":"https:\/\/www.pitegrity.com\/","logo":{"@type":"ImageObject","inLanguage":"en-US","@id":"https:\/\/www.pitegrity.com\/#\/schema\/logo\/image\/","url":"https:\/\/www.pitegrity.com\/wp-content\/uploads\/2023\/07\/logo-trans.png","contentUrl":"https:\/\/www.pitegrity.com\/wp-content\/uploads\/2023\/07\/logo-trans.png","width":326,"height":110,"caption":"PiTEGRITY"},"image":{"@id":"https:\/\/www.pitegrity.com\/#\/schema\/logo\/image\/"}}]}},"_links":{"self":[{"href":"https:\/\/www.pitegrity.com\/en\/wp-json\/wp\/v2\/pages\/342","targetHints":{"allow":["GET"]}}],"collection":[{"href":"https:\/\/www.pitegrity.com\/en\/wp-json\/wp\/v2\/pages"}],"about":[{"href":"https:\/\/www.pitegrity.com\/en\/wp-json\/wp\/v2\/types\/page"}],"author":[{"embeddable":true,"href":"https:\/\/www.pitegrity.com\/en\/wp-json\/wp\/v2\/users\/1"}],"replies":[{"embeddable":true,"href":"https:\/\/www.pitegrity.com\/en\/wp-json\/wp\/v2\/comments?post=342"}],"version-history":[{"count":25,"href":"https:\/\/www.pitegrity.com\/en\/wp-json\/wp\/v2\/pages\/342\/revisions"}],"predecessor-version":[{"id":983,"href":"https:\/\/www.pitegrity.com\/en\/wp-json\/wp\/v2\/pages\/342\/revisions\/983"}],"wp:attachment":[{"href":"https:\/\/www.pitegrity.com\/en\/wp-json\/wp\/v2\/media?parent=342"}],"curies":[{"name":"wp","href":"https:\/\/api.w.org\/{rel}","templated":true}]}}