{"id":3,"date":"2023-07-07T13:01:00","date_gmt":"2023-07-07T11:01:00","guid":{"rendered":"https:\/\/www.pitegrity.com\/?page_id=3"},"modified":"2025-08-20T17:57:58","modified_gmt":"2025-08-20T15:57:58","slug":"politica-privacidad","status":"publish","type":"page","link":"https:\/\/www.pitegrity.com\/en\/politica-privacidad\/","title":{"rendered":"Privacy Policy"},"content":{"rendered":"<div data-elementor-type=\"wp-page\" data-elementor-id=\"3\" class=\"elementor elementor-3\" data-elementor-post-type=\"page\">\n\t\t\t\t\t\t<section class=\"elementor-section elementor-top-section elementor-element elementor-element-15d8ef53 elementor-section-boxed elementor-section-height-default elementor-section-height-default\" data-id=\"15d8ef53\" data-element_type=\"section\">\n\t\t\t\t\t\t<div class=\"elementor-container elementor-column-gap-default\">\n\t\t\t\t\t<div class=\"elementor-column elementor-col-100 elementor-top-column elementor-element elementor-element-42fc3728\" data-id=\"42fc3728\" data-element_type=\"column\">\n\t\t\t<div class=\"elementor-widget-wrap elementor-element-populated\">\n\t\t\t\t\t\t<div class=\"elementor-element elementor-element-9a5f144 elementor-widget elementor-widget-heading\" data-id=\"9a5f144\" data-element_type=\"widget\" data-widget_type=\"heading.default\">\n\t\t\t\t<div class=\"elementor-widget-container\">\n\t\t\t\t\t<h1 class=\"elementor-heading-title elementor-size-default\">Privacy Policy<\/h1>\t\t\t\t<\/div>\n\t\t\t\t<\/div>\n\t\t\t\t<div class=\"elementor-element elementor-element-3ffade1f elementor-widget elementor-widget-text-editor\" data-id=\"3ffade1f\" data-element_type=\"widget\" data-widget_type=\"text-editor.default\">\n\t\t\t\t<div class=\"elementor-widget-container\">\n\t\t\t\t\t\t\t\t\t<p class=\"privacy-policy-p\">Esta Pol\u00edtica de Privacidad describe las pol\u00edticas de Pitegrity, con sede en Espa\u00f1a, correo electr\u00f3nico: <a href=\"https:\/\/www.pitegrity.com\/en\/contacto\/\">formulario de contacto<\/a>, sobre la recopilaci\u00f3n, uso y divulgaci\u00f3n de su informaci\u00f3n que recopilamos cuando utiliza nuestro sitio web (www.pitegrity.com). (el \u00abServicio\u00bb). Al acceder o utilizar el Servicio, usted consiente la recopilaci\u00f3n, uso y divulgaci\u00f3n de su informaci\u00f3n de acuerdo con esta Pol\u00edtica de Privacidad. Si no est\u00e1 de acuerdo con lo mismo, por favor no acceda ni utilice el Servicio.<\/p>\n<p class=\"privacy-policy-p\">Podemos modificar esta Pol\u00edtica de Privacidad en cualquier momento sin previo aviso y publicaremos la Pol\u00edtica de Privacidad revisada en el Servicio. La Pol\u00edtica revisada ser\u00e1 efectiva 180 d\u00edas a partir de la fecha en que se publique en el Servicio y su acceso o uso continuado del Servicio despu\u00e9s de dicho tiempo constituir\u00e1 su aceptaci\u00f3n de la Pol\u00edtica de Privacidad revisada. Por lo tanto, recomendamos que revise esta p\u00e1gina peri\u00f3dicamente.<\/p>\n\n<h5>Informaci\u00f3n que recopilamos:<\/h5>\n<p class=\"privacy-policy-p\">Recopilaremos y procesaremos la siguiente informaci\u00f3n personal sobre usted:<\/p>\n\n<ol class=\"privacy-policy-ol\">\n \t<li>Name<\/li>\n \t<li>Correo electr\u00f3nico<\/li>\n \t<li>Tel\u00e9fono m\u00f3vil<\/li>\n<\/ol>\n<h5>C\u00f3mo utilizamos su informaci\u00f3n:<\/h5>\n<p class=\"privacy-policy-p\">Utilizaremos la informaci\u00f3n que recopilamos sobre usted para los siguientes fines:<\/p>\n\n<ol class=\"privacy-policy-ol\">\n \t<li>Marketing\/Promocional<\/li>\n \t<li>Informaci\u00f3n de administraci\u00f3n<\/li>\n<\/ol>\n<p class=\"privacy-policy-p\">Si deseamos utilizar su informaci\u00f3n para cualquier otro prop\u00f3sito, le solicitaremos su consentimiento y utilizaremos su informaci\u00f3n solo al recibir su consentimiento y solo para el\/los prop\u00f3sito(s) para los que otorg\u00f3 su consentimiento, a menos que estemos obligados a hacer lo contrario por ley.<\/p>\n\n<h5>Retenci\u00f3n de su informaci\u00f3n:<\/h5>\n<p class=\"privacy-policy-p\">Retendremos su informaci\u00f3n personal con nosotros durante 90 d\u00edas a 2 a\u00f1os despu\u00e9s de que los usuarios cierren sus cuentas o durante el tiempo que necesitemos para cumplir con los fines para los que se recopil\u00f3, como se detalla en esta Pol\u00edtica de Privacidad. Es posible que debamos retener cierta informaci\u00f3n durante per\u00edodos m\u00e1s largos, como registros \/ informes en cumplimiento de la ley aplicable o por otros motivos leg\u00edtimos, como la aplicaci\u00f3n de derechos legales, prevenci\u00f3n de fraude, etc. La informaci\u00f3n an\u00f3n<\/p>\nima residual y la informaci\u00f3n agregada, ninguna de las cuales lo identifica (directa o indirectamente), pueden almacenarse indefinidamente.\n<h5>Sus derechos:<\/h5>\n<p class=\"privacy-policy-p\">Dependiendo de la ley aplicable, es posible que tenga derecho a acceder y rectificar o eliminar sus datos personales, o recibir una copia de sus datos personales, restringir u oponerse al procesamiento activo de sus datos, solicitarnos que compartamos (transferir) su informaci\u00f3n personal a otra entidad, retirar cualquier consentimiento que nos haya proporcionado para procesar sus datos, derecho a presentar una queja ante una autoridad competente y otros derechos pertinentes seg\u00fan las leyes aplicables. Para ejercer estos derechos, puede escribirnos a <a href=\"https:\/\/www.pitegrity.com\/en\/contacto\/\">formulario de contacto<\/a>. Responderemos a su solicitud de acuerdo con la ley aplicable.<\/p>\n<p class=\"privacy-policy-p\">Tenga en cuenta que si no nos permite recopilar o procesar la informaci\u00f3n personal requerida o retira el consentimiento para procesarla con los fines requeridos, es posible que no pueda acceder o utilizar los servicios para los cuales se solicit\u00f3 su informaci\u00f3n.<\/p>\n\n<h5>Cookies, etc.:<\/h5>\n<p class=\"privacy-policy-p\">Para obtener m\u00e1s informaci\u00f3n sobre c\u00f3mo utilizamos estas tecnolog\u00edas y sus opciones con respecto a estas tecnolog\u00edas de seguimiento, consulte nuestra <a href=\"https:\/\/www.pitegrity.com\/en\/politica-de-cookies\/\">Pol\u00edtica de Cookies<\/a>.<\/p>\n\n<h5>Seguridad:<\/h5>\n<p class=\"privacy-policy-p\">La seguridad de su informaci\u00f3n es importante para nosotros y utilizaremos medidas de seguridad razonables para prevenir la p\u00e9rdida, el mal uso o la alteraci\u00f3n no autorizada de su informaci\u00f3n bajo nuestro control. Sin embargo, dado los riesgos inherentes, no podemos garantizar una seguridad absoluta y, en consecuencia, no podemos asegurar ni garantizar la seguridad de ninguna informaci\u00f3n que nos transmita, y lo hace bajo su propio riesgo.<\/p>\n\n<h5>Reclamaciones \/ Oficial de Protecci\u00f3n de Datos:<\/h5>\n<p class=\"privacy-policy-p\">Si tiene alguna consulta o inquietud sobre el procesamiento de su informaci\u00f3n que est\u00e1 disponible con nosotros, puede enviar un correo electr\u00f3nico a nuestro Oficial de Reclamaciones en Pitegrity, correo electr\u00f3nico: <a href=\"https:\/\/www.pitegrity.com\/en\/contacto\/\">formulario de contacto<\/a>. Abordaremos sus inquietudes de acuerdo con la ley aplicable.<\/p>\t\t\t\t\t\t\t\t<\/div>\n\t\t\t\t<\/div>\n\t\t\t\t\t<\/div>\n\t\t<\/div>\n\t\t\t\t\t<\/div>\n\t\t<\/section>\n\t\t\t\t<\/div>","protected":false},"excerpt":{"rendered":"<p>Pol\u00edtica de privacidad Esta Pol\u00edtica de Privacidad describe las pol\u00edticas de Pitegrity, con sede en Espa\u00f1a, correo electr\u00f3nico: formulario de contacto, sobre la recopilaci\u00f3n, uso y divulgaci\u00f3n de su informaci\u00f3n que recopilamos cuando utiliza nuestro sitio web (www.pitegrity.com). (el \u00abServicio\u00bb). Al acceder o utilizar el Servicio, usted consiente la recopilaci\u00f3n, uso y divulgaci\u00f3n de su [&hellip;]<\/p>","protected":false},"author":1,"featured_media":0,"parent":0,"menu_order":0,"comment_status":"closed","ping_status":"open","template":"","meta":{"footnotes":""},"class_list":["post-3","page","type-page","status-publish","hentry"],"yoast_head":"<!-- This site is optimized with the Yoast SEO plugin v25.7 - https:\/\/yoast.com\/wordpress\/plugins\/seo\/ -->\n<title>Pol\u00edtica de privacidad - PiTEGRITY<\/title>\n<meta name=\"robots\" content=\"index, follow, max-snippet:-1, max-image-preview:large, max-video-preview:-1\" \/>\n<link rel=\"canonical\" href=\"https:\/\/www.pitegrity.com\/en\/politica-privacidad\/\" \/>\n<meta property=\"og:locale\" content=\"en_US\" \/>\n<meta property=\"og:type\" content=\"article\" \/>\n<meta property=\"og:title\" content=\"Pol\u00edtica de privacidad - PiTEGRITY\" \/>\n<meta property=\"og:description\" content=\"Pol\u00edtica de privacidad Esta Pol\u00edtica de Privacidad describe las pol\u00edticas de Pitegrity, con sede en Espa\u00f1a, correo electr\u00f3nico: formulario de contacto, sobre la recopilaci\u00f3n, uso y divulgaci\u00f3n de su informaci\u00f3n que recopilamos cuando utiliza nuestro sitio web (www.pitegrity.com). (el \u00abServicio\u00bb). Al acceder o utilizar el Servicio, usted consiente la recopilaci\u00f3n, uso y divulgaci\u00f3n de su [&hellip;]\" \/>\n<meta property=\"og:url\" content=\"https:\/\/www.pitegrity.com\/en\/politica-privacidad\/\" \/>\n<meta property=\"og:site_name\" content=\"PiTEGRITY\" \/>\n<meta property=\"article:modified_time\" content=\"2025-08-20T15:57:58+00:00\" \/>\n<meta name=\"twitter:card\" content=\"summary_large_image\" \/>\n<meta name=\"twitter:label1\" content=\"Est. reading time\" \/>\n\t<meta name=\"twitter:data1\" content=\"3 minutes\" \/>\n<script type=\"application\/ld+json\" class=\"yoast-schema-graph\">{\"@context\":\"https:\/\/schema.org\",\"@graph\":[{\"@type\":\"WebPage\",\"@id\":\"https:\/\/www.pitegrity.com\/politica-privacidad\/\",\"url\":\"https:\/\/www.pitegrity.com\/politica-privacidad\/\",\"name\":\"Pol\u00edtica de privacidad - PiTEGRITY\",\"isPartOf\":{\"@id\":\"https:\/\/www.pitegrity.com\/#website\"},\"datePublished\":\"2023-07-07T11:01:00+00:00\",\"dateModified\":\"2025-08-20T15:57:58+00:00\",\"breadcrumb\":{\"@id\":\"https:\/\/www.pitegrity.com\/politica-privacidad\/#breadcrumb\"},\"inLanguage\":\"en-US\",\"potentialAction\":[{\"@type\":\"ReadAction\",\"target\":[\"https:\/\/www.pitegrity.com\/politica-privacidad\/\"]}]},{\"@type\":\"BreadcrumbList\",\"@id\":\"https:\/\/www.pitegrity.com\/politica-privacidad\/#breadcrumb\",\"itemListElement\":[{\"@type\":\"ListItem\",\"position\":1,\"name\":\"Portada\",\"item\":\"https:\/\/www.pitegrity.com\/\"},{\"@type\":\"ListItem\",\"position\":2,\"name\":\"Pol\u00edtica de privacidad\"}]},{\"@type\":\"WebSite\",\"@id\":\"https:\/\/www.pitegrity.com\/#website\",\"url\":\"https:\/\/www.pitegrity.com\/\",\"name\":\"PiTEGRITY\",\"description\":\"\",\"publisher\":{\"@id\":\"https:\/\/www.pitegrity.com\/#organization\"},\"potentialAction\":[{\"@type\":\"SearchAction\",\"target\":{\"@type\":\"EntryPoint\",\"urlTemplate\":\"https:\/\/www.pitegrity.com\/?s={search_term_string}\"},\"query-input\":{\"@type\":\"PropertyValueSpecification\",\"valueRequired\":true,\"valueName\":\"search_term_string\"}}],\"inLanguage\":\"en-US\"},{\"@type\":\"Organization\",\"@id\":\"https:\/\/www.pitegrity.com\/#organization\",\"name\":\"PiTEGRITY\",\"url\":\"https:\/\/www.pitegrity.com\/\",\"logo\":{\"@type\":\"ImageObject\",\"inLanguage\":\"en-US\",\"@id\":\"https:\/\/www.pitegrity.com\/#\/schema\/logo\/image\/\",\"url\":\"https:\/\/www.pitegrity.com\/wp-content\/uploads\/2023\/07\/logo-trans.png\",\"contentUrl\":\"https:\/\/www.pitegrity.com\/wp-content\/uploads\/2023\/07\/logo-trans.png\",\"width\":326,\"height\":110,\"caption\":\"PiTEGRITY\"},\"image\":{\"@id\":\"https:\/\/www.pitegrity.com\/#\/schema\/logo\/image\/\"}}]}<\/script>\n<!-- \/ Yoast SEO plugin. -->","yoast_head_json":{"title":"Pol\u00edtica de privacidad - PiTEGRITY","robots":{"index":"index","follow":"follow","max-snippet":"max-snippet:-1","max-image-preview":"max-image-preview:large","max-video-preview":"max-video-preview:-1"},"canonical":"https:\/\/www.pitegrity.com\/en\/politica-privacidad\/","og_locale":"en_US","og_type":"article","og_title":"Pol\u00edtica de privacidad - PiTEGRITY","og_description":"Pol\u00edtica de privacidad Esta Pol\u00edtica de Privacidad describe las pol\u00edticas de Pitegrity, con sede en Espa\u00f1a, correo electr\u00f3nico: formulario de contacto, sobre la recopilaci\u00f3n, uso y divulgaci\u00f3n de su informaci\u00f3n que recopilamos cuando utiliza nuestro sitio web (www.pitegrity.com). (el \u00abServicio\u00bb). Al acceder o utilizar el Servicio, usted consiente la recopilaci\u00f3n, uso y divulgaci\u00f3n de su [&hellip;]","og_url":"https:\/\/www.pitegrity.com\/en\/politica-privacidad\/","og_site_name":"PiTEGRITY","article_modified_time":"2025-08-20T15:57:58+00:00","twitter_card":"summary_large_image","twitter_misc":{"Est. reading time":"3 minutes"},"schema":{"@context":"https:\/\/schema.org","@graph":[{"@type":"WebPage","@id":"https:\/\/www.pitegrity.com\/politica-privacidad\/","url":"https:\/\/www.pitegrity.com\/politica-privacidad\/","name":"Pol\u00edtica de privacidad - PiTEGRITY","isPartOf":{"@id":"https:\/\/www.pitegrity.com\/#website"},"datePublished":"2023-07-07T11:01:00+00:00","dateModified":"2025-08-20T15:57:58+00:00","breadcrumb":{"@id":"https:\/\/www.pitegrity.com\/politica-privacidad\/#breadcrumb"},"inLanguage":"en-US","potentialAction":[{"@type":"ReadAction","target":["https:\/\/www.pitegrity.com\/politica-privacidad\/"]}]},{"@type":"BreadcrumbList","@id":"https:\/\/www.pitegrity.com\/politica-privacidad\/#breadcrumb","itemListElement":[{"@type":"ListItem","position":1,"name":"Portada","item":"https:\/\/www.pitegrity.com\/"},{"@type":"ListItem","position":2,"name":"Pol\u00edtica de privacidad"}]},{"@type":"WebSite","@id":"https:\/\/www.pitegrity.com\/#website","url":"https:\/\/www.pitegrity.com\/","name":"PiTEGRITY","description":"","publisher":{"@id":"https:\/\/www.pitegrity.com\/#organization"},"potentialAction":[{"@type":"SearchAction","target":{"@type":"EntryPoint","urlTemplate":"https:\/\/www.pitegrity.com\/?s={search_term_string}"},"query-input":{"@type":"PropertyValueSpecification","valueRequired":true,"valueName":"search_term_string"}}],"inLanguage":"en-US"},{"@type":"Organization","@id":"https:\/\/www.pitegrity.com\/#organization","name":"PiTEGRITY","url":"https:\/\/www.pitegrity.com\/","logo":{"@type":"ImageObject","inLanguage":"en-US","@id":"https:\/\/www.pitegrity.com\/#\/schema\/logo\/image\/","url":"https:\/\/www.pitegrity.com\/wp-content\/uploads\/2023\/07\/logo-trans.png","contentUrl":"https:\/\/www.pitegrity.com\/wp-content\/uploads\/2023\/07\/logo-trans.png","width":326,"height":110,"caption":"PiTEGRITY"},"image":{"@id":"https:\/\/www.pitegrity.com\/#\/schema\/logo\/image\/"}}]}},"_links":{"self":[{"href":"https:\/\/www.pitegrity.com\/en\/wp-json\/wp\/v2\/pages\/3","targetHints":{"allow":["GET"]}}],"collection":[{"href":"https:\/\/www.pitegrity.com\/en\/wp-json\/wp\/v2\/pages"}],"about":[{"href":"https:\/\/www.pitegrity.com\/en\/wp-json\/wp\/v2\/types\/page"}],"author":[{"embeddable":true,"href":"https:\/\/www.pitegrity.com\/en\/wp-json\/wp\/v2\/users\/1"}],"replies":[{"embeddable":true,"href":"https:\/\/www.pitegrity.com\/en\/wp-json\/wp\/v2\/comments?post=3"}],"version-history":[{"count":12,"href":"https:\/\/www.pitegrity.com\/en\/wp-json\/wp\/v2\/pages\/3\/revisions"}],"predecessor-version":[{"id":974,"href":"https:\/\/www.pitegrity.com\/en\/wp-json\/wp\/v2\/pages\/3\/revisions\/974"}],"wp:attachment":[{"href":"https:\/\/www.pitegrity.com\/en\/wp-json\/wp\/v2\/media?parent=3"}],"curies":[{"name":"wp","href":"https:\/\/api.w.org\/{rel}","templated":true}]}}