{"id":139,"date":"2023-07-26T11:29:45","date_gmt":"2023-07-26T09:29:45","guid":{"rendered":"https:\/\/www.pitegrity.com\/?page_id=139"},"modified":"2026-01-13T18:30:44","modified_gmt":"2026-01-13T17:30:44","slug":"quienes-somos_old","status":"publish","type":"page","link":"https:\/\/www.pitegrity.com\/en\/quienes-somos_old\/","title":{"rendered":"Qui\u00e9nes somos_old"},"content":{"rendered":"<div data-elementor-type=\"wp-page\" data-elementor-id=\"139\" class=\"elementor elementor-139\" data-elementor-post-type=\"page\">\n\t\t\t\t\t\t<section class=\"elementor-section elementor-top-section elementor-element elementor-element-d902559 elementor-section-content-middle elementor-section-boxed elementor-section-height-default elementor-section-height-default\" data-id=\"d902559\" data-element_type=\"section\">\n\t\t\t\t\t\t<div class=\"elementor-container elementor-column-gap-default\">\n\t\t\t\t\t<div class=\"elementor-column elementor-col-50 elementor-top-column elementor-element elementor-element-5bfde5a\" data-id=\"5bfde5a\" data-element_type=\"column\">\n\t\t\t<div class=\"elementor-widget-wrap elementor-element-populated\">\n\t\t\t\t\t\t<div class=\"elementor-element elementor-element-8d98037 elementor-widget elementor-widget-heading\" data-id=\"8d98037\" data-element_type=\"widget\" data-widget_type=\"heading.default\">\n\t\t\t\t<div class=\"elementor-widget-container\">\n\t\t\t\t\t<h2 class=\"elementor-heading-title elementor-size-default\">Nuestros Objetivos<\/h2>\t\t\t\t<\/div>\n\t\t\t\t<\/div>\n\t\t\t\t<div class=\"elementor-element elementor-element-e9401a6 elementor-widget elementor-widget-text-editor\" data-id=\"e9401a6\" data-element_type=\"widget\" data-widget_type=\"text-editor.default\">\n\t\t\t\t<div class=\"elementor-widget-container\">\n\t\t\t\t\t\t\t\t\t<p>En PiTEGRITY, tenemos como objetivo alcanzar a potenciales clientes que busquen mejorar sus procesos y activos a trav\u00e9s de la fiabilidad y el mantenimiento, brindando soporte t\u00e9cnico y experiencia que permite a sus organizaciones operar de manera segura, mejorando la disponibilidad y eficiencia de sus activos.<\/p><p>Para lograr nuestro objetivo principal, proponemos:<\/p>\t\t\t\t\t\t\t\t<\/div>\n\t\t\t\t<\/div>\n\t\t\t\t<div class=\"elementor-element elementor-element-e216952 elementor-align-left elementor-icon-list--layout-traditional elementor-list-item-link-full_width elementor-widget elementor-widget-icon-list\" data-id=\"e216952\" data-element_type=\"widget\" data-widget_type=\"icon-list.default\">\n\t\t\t\t<div class=\"elementor-widget-container\">\n\t\t\t\t\t\t\t<ul class=\"elementor-icon-list-items\">\n\t\t\t\t\t\t\t<li class=\"elementor-icon-list-item\">\n\t\t\t\t\t\t\t\t\t\t\t<span class=\"elementor-icon-list-icon\">\n\t\t\t\t\t\t\t<i aria-hidden=\"true\" class=\"fas fa-check\"><\/i>\t\t\t\t\t\t<\/span>\n\t\t\t\t\t\t\t\t\t\t<span class=\"elementor-icon-list-text\">Generar una l\u00ednea de soporte y servicio adaptados a la regi\u00f3n.<\/span>\n\t\t\t\t\t\t\t\t\t<\/li>\n\t\t\t\t\t\t\t\t<li class=\"elementor-icon-list-item\">\n\t\t\t\t\t\t\t\t\t\t\t<span class=\"elementor-icon-list-icon\">\n\t\t\t\t\t\t\t<i aria-hidden=\"true\" class=\"fas fa-check\"><\/i>\t\t\t\t\t\t<\/span>\n\t\t\t\t\t\t\t\t\t\t<span class=\"elementor-icon-list-text\">Elaborar proyectos bajo est\u00e1ndares requeridos, con los controles de seguridad y calidad m\u00e1s altos en la industria.<\/span>\n\t\t\t\t\t\t\t\t\t<\/li>\n\t\t\t\t\t\t\t\t<li class=\"elementor-icon-list-item\">\n\t\t\t\t\t\t\t\t\t\t\t<span class=\"elementor-icon-list-icon\">\n\t\t\t\t\t\t\t<i aria-hidden=\"true\" class=\"fas fa-check\"><\/i>\t\t\t\t\t\t<\/span>\n\t\t\t\t\t\t\t\t\t\t<span class=\"elementor-icon-list-text\">Garantizar la satisfacci\u00f3n del cliente con excelente servicio.<\/span>\n\t\t\t\t\t\t\t\t\t<\/li>\n\t\t\t\t\t\t\t\t<li class=\"elementor-icon-list-item\">\n\t\t\t\t\t\t\t\t\t\t\t<span class=\"elementor-icon-list-icon\">\n\t\t\t\t\t\t\t<i aria-hidden=\"true\" class=\"fas fa-check\"><\/i>\t\t\t\t\t\t<\/span>\n\t\t\t\t\t\t\t\t\t\t<span class=\"elementor-icon-list-text\">Introducir nuevos conocimientos y tecnolog\u00edas en los proyectos a ofrecer y ejecutar.<\/span>\n\t\t\t\t\t\t\t\t\t<\/li>\n\t\t\t\t\t\t\t\t<li class=\"elementor-icon-list-item\">\n\t\t\t\t\t\t\t\t\t\t\t<span class=\"elementor-icon-list-icon\">\n\t\t\t\t\t\t\t<i aria-hidden=\"true\" class=\"fas fa-check\"><\/i>\t\t\t\t\t\t<\/span>\n\t\t\t\t\t\t\t\t\t\t<span class=\"elementor-icon-list-text\">Buscar continuamente mejoras en los procedimientos y activos de los clientes.<\/span>\n\t\t\t\t\t\t\t\t\t<\/li>\n\t\t\t\t\t\t<\/ul>\n\t\t\t\t\t\t<\/div>\n\t\t\t\t<\/div>\n\t\t\t\t\t<\/div>\n\t\t<\/div>\n\t\t\t\t<div class=\"elementor-column elementor-col-50 elementor-top-column elementor-element elementor-element-f24dd36\" data-id=\"f24dd36\" data-element_type=\"column\">\n\t\t\t<div class=\"elementor-widget-wrap elementor-element-populated\">\n\t\t\t\t\t\t<div class=\"elementor-element elementor-element-1405a1f animated-slow elementor-invisible elementor-widget elementor-widget-image\" data-id=\"1405a1f\" data-element_type=\"widget\" data-settings=\"{&quot;_animation&quot;:&quot;fadeIn&quot;,&quot;_animation_delay&quot;:500}\" data-widget_type=\"image.default\">\n\t\t\t\t<div class=\"elementor-widget-container\">\n\t\t\t\t\t\t\t\t\t\t\t\t\t\t\t<img fetchpriority=\"high\" decoding=\"async\" width=\"800\" height=\"534\" src=\"https:\/\/www.pitegrity.com\/wp-content\/uploads\/2023\/07\/serv-01-1-1024x683.jpg\" class=\"attachment-large size-large wp-image-129\" alt=\"\" srcset=\"https:\/\/www.pitegrity.com\/wp-content\/uploads\/2023\/07\/serv-01-1-1024x683.jpg 1024w, https:\/\/www.pitegrity.com\/wp-content\/uploads\/2023\/07\/serv-01-1-300x200.jpg 300w, https:\/\/www.pitegrity.com\/wp-content\/uploads\/2023\/07\/serv-01-1-768x512.jpg 768w, https:\/\/www.pitegrity.com\/wp-content\/uploads\/2023\/07\/serv-01-1.jpg 1536w\" sizes=\"(max-width: 800px) 100vw, 800px\" \/>\t\t\t\t\t\t\t\t\t\t\t\t\t\t\t<\/div>\n\t\t\t\t<\/div>\n\t\t\t\t\t<\/div>\n\t\t<\/div>\n\t\t\t\t\t<\/div>\n\t\t<\/section>\n\t\t\t\t<section class=\"elementor-section elementor-top-section elementor-element elementor-element-cba7008 elementor-section-content-middle elementor-reverse-tablet elementor-reverse-mobile elementor-section-boxed elementor-section-height-default elementor-section-height-default\" data-id=\"cba7008\" data-element_type=\"section\" data-settings=\"{&quot;background_background&quot;:&quot;classic&quot;}\">\n\t\t\t\t\t\t<div class=\"elementor-container elementor-column-gap-default\">\n\t\t\t\t\t<div class=\"elementor-column elementor-col-50 elementor-top-column elementor-element elementor-element-6955ed4\" data-id=\"6955ed4\" data-element_type=\"column\">\n\t\t\t<div class=\"elementor-widget-wrap elementor-element-populated\">\n\t\t\t\t\t\t<div class=\"elementor-element elementor-element-759ad9d elementor-widget elementor-widget-image\" data-id=\"759ad9d\" data-element_type=\"widget\" data-widget_type=\"image.default\">\n\t\t\t\t<div class=\"elementor-widget-container\">\n\t\t\t\t\t\t\t\t\t\t\t\t\t\t\t<img decoding=\"async\" width=\"658\" height=\"474\" src=\"https:\/\/www.pitegrity.com\/wp-content\/uploads\/2023\/07\/QTUSsBmN_2x.jpg\" class=\"attachment-large size-large wp-image-128\" alt=\"\" srcset=\"https:\/\/www.pitegrity.com\/wp-content\/uploads\/2023\/07\/QTUSsBmN_2x.jpg 658w, https:\/\/www.pitegrity.com\/wp-content\/uploads\/2023\/07\/QTUSsBmN_2x-300x216.jpg 300w\" sizes=\"(max-width: 658px) 100vw, 658px\" \/>\t\t\t\t\t\t\t\t\t\t\t\t\t\t\t<\/div>\n\t\t\t\t<\/div>\n\t\t\t\t\t<\/div>\n\t\t<\/div>\n\t\t\t\t<div class=\"elementor-column elementor-col-50 elementor-top-column elementor-element elementor-element-f07aaf0\" data-id=\"f07aaf0\" data-element_type=\"column\">\n\t\t\t<div class=\"elementor-widget-wrap elementor-element-populated\">\n\t\t\t\t\t\t<div class=\"elementor-element elementor-element-8fd2674 elementor-widget elementor-widget-heading\" data-id=\"8fd2674\" data-element_type=\"widget\" data-widget_type=\"heading.default\">\n\t\t\t\t<div class=\"elementor-widget-container\">\n\t\t\t\t\t<h4 class=\"elementor-heading-title elementor-size-default\">Visi\u00f3n<\/h4>\t\t\t\t<\/div>\n\t\t\t\t<\/div>\n\t\t\t\t<div class=\"elementor-element elementor-element-072ba0c elementor-widget elementor-widget-text-editor\" data-id=\"072ba0c\" data-element_type=\"widget\" data-widget_type=\"text-editor.default\">\n\t\t\t\t<div class=\"elementor-widget-container\">\n\t\t\t\t\t\t\t\t\t<p>PiTEGRITY busca establecerse en la industria como una empresa de fuerte enfoque en las \u00e1reas de Fiabilidad y Mantenimiento, poniendo en pr\u00e1ctica nuevos conocimientos, procedimientos y tecnolog\u00edas que aportan beneficios medibles a las organizaciones.<\/p>\t\t\t\t\t\t\t\t<\/div>\n\t\t\t\t<\/div>\n\t\t\t\t\t<\/div>\n\t\t<\/div>\n\t\t\t\t\t<\/div>\n\t\t<\/section>\n\t\t\t\t<section class=\"elementor-section elementor-top-section elementor-element elementor-element-7808aa9 elementor-section-content-middle elementor-section-boxed elementor-section-height-default elementor-section-height-default\" data-id=\"7808aa9\" data-element_type=\"section\">\n\t\t\t\t\t\t<div class=\"elementor-container elementor-column-gap-default\">\n\t\t\t\t\t<div class=\"elementor-column elementor-col-50 elementor-top-column elementor-element elementor-element-b010215\" data-id=\"b010215\" data-element_type=\"column\">\n\t\t\t<div class=\"elementor-widget-wrap elementor-element-populated\">\n\t\t\t\t\t\t<div class=\"elementor-element elementor-element-52d5eae elementor-widget elementor-widget-heading\" data-id=\"52d5eae\" data-element_type=\"widget\" data-widget_type=\"heading.default\">\n\t\t\t\t<div class=\"elementor-widget-container\">\n\t\t\t\t\t<h4 class=\"elementor-heading-title elementor-size-default\">Misi\u00f3n<\/h4>\t\t\t\t<\/div>\n\t\t\t\t<\/div>\n\t\t\t\t<div class=\"elementor-element elementor-element-2d3c2aa elementor-widget elementor-widget-text-editor\" data-id=\"2d3c2aa\" data-element_type=\"widget\" data-widget_type=\"text-editor.default\">\n\t\t\t\t<div class=\"elementor-widget-container\">\n\t\t\t\t\t\t\t\t\t<p>Cooperar en la mejora de la seguridad para la industria, aportando a su vez valor a los activos, incrementando su eficiencia, tiempo de operatividad y disminuyendo costos.<\/p>\t\t\t\t\t\t\t\t<\/div>\n\t\t\t\t<\/div>\n\t\t\t\t\t<\/div>\n\t\t<\/div>\n\t\t\t\t<div class=\"elementor-column elementor-col-50 elementor-top-column elementor-element elementor-element-1818a48\" data-id=\"1818a48\" data-element_type=\"column\">\n\t\t\t<div class=\"elementor-widget-wrap elementor-element-populated\">\n\t\t\t\t\t\t<div class=\"elementor-element elementor-element-3c98a15 animated-slow elementor-invisible elementor-widget elementor-widget-image\" data-id=\"3c98a15\" data-element_type=\"widget\" data-settings=\"{&quot;_animation&quot;:&quot;fadeIn&quot;,&quot;_animation_delay&quot;:500}\" data-widget_type=\"image.default\">\n\t\t\t\t<div class=\"elementor-widget-container\">\n\t\t\t\t\t\t\t\t\t\t\t\t\t\t\t<img decoding=\"async\" width=\"800\" height=\"532\" src=\"https:\/\/www.pitegrity.com\/wp-content\/uploads\/2023\/07\/Capa-11.jpg\" class=\"attachment-large size-large wp-image-127\" alt=\"\" srcset=\"https:\/\/www.pitegrity.com\/wp-content\/uploads\/2023\/07\/Capa-11.jpg 1024w, https:\/\/www.pitegrity.com\/wp-content\/uploads\/2023\/07\/Capa-11-300x200.jpg 300w, https:\/\/www.pitegrity.com\/wp-content\/uploads\/2023\/07\/Capa-11-768x511.jpg 768w\" sizes=\"(max-width: 800px) 100vw, 800px\" \/>\t\t\t\t\t\t\t\t\t\t\t\t\t\t\t<\/div>\n\t\t\t\t<\/div>\n\t\t\t\t\t<\/div>\n\t\t<\/div>\n\t\t\t\t\t<\/div>\n\t\t<\/section>\n\t\t\t\t<section class=\"elementor-section elementor-top-section elementor-element elementor-element-75bfa28 elementor-section-content-middle elementor-section-boxed elementor-section-height-default elementor-section-height-default\" data-id=\"75bfa28\" data-element_type=\"section\" data-settings=\"{&quot;background_background&quot;:&quot;classic&quot;}\">\n\t\t\t\t\t\t<div class=\"elementor-container elementor-column-gap-default\">\n\t\t\t\t\t<div class=\"elementor-column elementor-col-50 elementor-top-column elementor-element elementor-element-b7ca953\" data-id=\"b7ca953\" data-element_type=\"column\">\n\t\t\t<div class=\"elementor-widget-wrap elementor-element-populated\">\n\t\t\t\t\t\t<div class=\"elementor-element elementor-element-f6f7b20 elementor-widget elementor-widget-heading\" data-id=\"f6f7b20\" data-element_type=\"widget\" data-widget_type=\"heading.default\">\n\t\t\t\t<div class=\"elementor-widget-container\">\n\t\t\t\t\t<h1 class=\"elementor-heading-title elementor-size-default\">Ofrecemos Soluciones Medibles y Concretas<\/h1>\t\t\t\t<\/div>\n\t\t\t\t<\/div>\n\t\t\t\t\t<\/div>\n\t\t<\/div>\n\t\t\t\t<div class=\"elementor-column elementor-col-50 elementor-top-column elementor-element elementor-element-10a06ce\" data-id=\"10a06ce\" data-element_type=\"column\">\n\t\t\t<div class=\"elementor-widget-wrap elementor-element-populated\">\n\t\t\t\t\t\t<div class=\"elementor-element elementor-element-8efc449 elementor-align-right elementor-mobile-align-center elementor-widget elementor-widget-button\" data-id=\"8efc449\" data-element_type=\"widget\" data-widget_type=\"button.default\">\n\t\t\t\t<div class=\"elementor-widget-container\">\n\t\t\t\t\t\t\t\t\t<div class=\"elementor-button-wrapper\">\n\t\t\t\t\t<a class=\"elementor-button elementor-button-link elementor-size-sm\" href=\"https:\/\/www.pitegrity.com\/en\/contacto\/\">\n\t\t\t\t\t\t<span class=\"elementor-button-content-wrapper\">\n\t\t\t\t\t\t<span class=\"elementor-button-icon\">\n\t\t\t\t<i aria-hidden=\"true\" class=\"fas fa-angle-right\"><\/i>\t\t\t<\/span>\n\t\t\t\t\t\t\t\t\t<span class=\"elementor-button-text\">Request information<\/span>\n\t\t\t\t\t<\/span>\n\t\t\t\t\t<\/a>\n\t\t\t\t<\/div>\n\t\t\t\t\t\t\t\t<\/div>\n\t\t\t\t<\/div>\n\t\t\t\t\t<\/div>\n\t\t<\/div>\n\t\t\t\t\t<\/div>\n\t\t<\/section>\n\t\t\t\t<\/div>","protected":false},"excerpt":{"rendered":"<p>Nuestros Objetivos En PiTEGRITY, tenemos como objetivo alcanzar a potenciales clientes que busquen mejorar sus procesos y activos a trav\u00e9s de la fiabilidad y el mantenimiento, brindando soporte t\u00e9cnico y experiencia que permite a sus organizaciones operar de manera segura, mejorando la disponibilidad y eficiencia de sus activos. Para lograr nuestro objetivo principal, proponemos: Generar [&hellip;]<\/p>","protected":false},"author":1,"featured_media":0,"parent":0,"menu_order":0,"comment_status":"closed","ping_status":"closed","template":"","meta":{"footnotes":""},"class_list":["post-139","page","type-page","status-publish","hentry"],"yoast_head":"<!-- This site is optimized with the Yoast SEO plugin v25.7 - https:\/\/yoast.com\/wordpress\/plugins\/seo\/ -->\n<title>Qui\u00e9nes somos_old - PiTEGRITY<\/title>\n<meta name=\"description\" content=\"En PiTEGRITY, tenemos como objetivo alcanzar a potenciales clientes que busquen mejorar sus procesos y activos a trav\u00e9s de la fiabilidad\" \/>\n<meta name=\"robots\" content=\"index, follow, max-snippet:-1, max-image-preview:large, max-video-preview:-1\" \/>\n<link rel=\"canonical\" href=\"https:\/\/www.pitegrity.com\/en\/quienes-somos_old\/\" \/>\n<meta property=\"og:locale\" content=\"en_US\" \/>\n<meta property=\"og:type\" content=\"article\" \/>\n<meta property=\"og:title\" content=\"Qui\u00e9nes somos_old - PiTEGRITY\" \/>\n<meta property=\"og:description\" content=\"En PiTEGRITY, tenemos como objetivo alcanzar a potenciales clientes que busquen mejorar sus procesos y activos a trav\u00e9s de la fiabilidad\" \/>\n<meta property=\"og:url\" content=\"https:\/\/www.pitegrity.com\/en\/quienes-somos_old\/\" \/>\n<meta property=\"og:site_name\" content=\"PiTEGRITY\" \/>\n<meta property=\"article:modified_time\" content=\"2026-01-13T17:30:44+00:00\" \/>\n<meta property=\"og:image\" content=\"https:\/\/www.pitegrity.com\/wp-content\/uploads\/2023\/07\/serv-01-1.jpg\" \/>\n\t<meta property=\"og:image:width\" content=\"1536\" \/>\n\t<meta property=\"og:image:height\" content=\"1024\" \/>\n\t<meta property=\"og:image:type\" content=\"image\/jpeg\" \/>\n<meta name=\"twitter:card\" content=\"summary_large_image\" \/>\n<meta name=\"twitter:label1\" content=\"Est. reading time\" \/>\n\t<meta name=\"twitter:data1\" content=\"2 minutes\" \/>\n<script type=\"application\/ld+json\" class=\"yoast-schema-graph\">{\"@context\":\"https:\/\/schema.org\",\"@graph\":[{\"@type\":\"WebPage\",\"@id\":\"https:\/\/www.pitegrity.com\/quienes-somos_old\/\",\"url\":\"https:\/\/www.pitegrity.com\/quienes-somos_old\/\",\"name\":\"Qui\u00e9nes somos_old - PiTEGRITY\",\"isPartOf\":{\"@id\":\"https:\/\/www.pitegrity.com\/#website\"},\"primaryImageOfPage\":{\"@id\":\"https:\/\/www.pitegrity.com\/quienes-somos_old\/#primaryimage\"},\"image\":{\"@id\":\"https:\/\/www.pitegrity.com\/quienes-somos_old\/#primaryimage\"},\"thumbnailUrl\":\"https:\/\/www.pitegrity.com\/wp-content\/uploads\/2023\/07\/serv-01-1-1024x683.jpg\",\"datePublished\":\"2023-07-26T09:29:45+00:00\",\"dateModified\":\"2026-01-13T17:30:44+00:00\",\"description\":\"En PiTEGRITY, tenemos como objetivo alcanzar a potenciales clientes que busquen mejorar sus procesos y activos a trav\u00e9s de la fiabilidad\",\"breadcrumb\":{\"@id\":\"https:\/\/www.pitegrity.com\/quienes-somos_old\/#breadcrumb\"},\"inLanguage\":\"en-US\",\"potentialAction\":[{\"@type\":\"ReadAction\",\"target\":[\"https:\/\/www.pitegrity.com\/quienes-somos_old\/\"]}]},{\"@type\":\"ImageObject\",\"inLanguage\":\"en-US\",\"@id\":\"https:\/\/www.pitegrity.com\/quienes-somos_old\/#primaryimage\",\"url\":\"https:\/\/www.pitegrity.com\/wp-content\/uploads\/2023\/07\/serv-01-1-1024x683.jpg\",\"contentUrl\":\"https:\/\/www.pitegrity.com\/wp-content\/uploads\/2023\/07\/serv-01-1-1024x683.jpg\"},{\"@type\":\"BreadcrumbList\",\"@id\":\"https:\/\/www.pitegrity.com\/quienes-somos_old\/#breadcrumb\",\"itemListElement\":[{\"@type\":\"ListItem\",\"position\":1,\"name\":\"Portada\",\"item\":\"https:\/\/www.pitegrity.com\/\"},{\"@type\":\"ListItem\",\"position\":2,\"name\":\"Qui\u00e9nes somos_old\"}]},{\"@type\":\"WebSite\",\"@id\":\"https:\/\/www.pitegrity.com\/#website\",\"url\":\"https:\/\/www.pitegrity.com\/\",\"name\":\"PiTEGRITY\",\"description\":\"\",\"publisher\":{\"@id\":\"https:\/\/www.pitegrity.com\/#organization\"},\"potentialAction\":[{\"@type\":\"SearchAction\",\"target\":{\"@type\":\"EntryPoint\",\"urlTemplate\":\"https:\/\/www.pitegrity.com\/?s={search_term_string}\"},\"query-input\":{\"@type\":\"PropertyValueSpecification\",\"valueRequired\":true,\"valueName\":\"search_term_string\"}}],\"inLanguage\":\"en-US\"},{\"@type\":\"Organization\",\"@id\":\"https:\/\/www.pitegrity.com\/#organization\",\"name\":\"PiTEGRITY\",\"url\":\"https:\/\/www.pitegrity.com\/\",\"logo\":{\"@type\":\"ImageObject\",\"inLanguage\":\"en-US\",\"@id\":\"https:\/\/www.pitegrity.com\/#\/schema\/logo\/image\/\",\"url\":\"https:\/\/www.pitegrity.com\/wp-content\/uploads\/2023\/07\/logo-trans.png\",\"contentUrl\":\"https:\/\/www.pitegrity.com\/wp-content\/uploads\/2023\/07\/logo-trans.png\",\"width\":326,\"height\":110,\"caption\":\"PiTEGRITY\"},\"image\":{\"@id\":\"https:\/\/www.pitegrity.com\/#\/schema\/logo\/image\/\"}}]}<\/script>\n<!-- \/ Yoast SEO plugin. -->","yoast_head_json":{"title":"Qui\u00e9nes somos_old - PiTEGRITY","description":"En PiTEGRITY, tenemos como objetivo alcanzar a potenciales clientes que busquen mejorar sus procesos y activos a trav\u00e9s de la fiabilidad","robots":{"index":"index","follow":"follow","max-snippet":"max-snippet:-1","max-image-preview":"max-image-preview:large","max-video-preview":"max-video-preview:-1"},"canonical":"https:\/\/www.pitegrity.com\/en\/quienes-somos_old\/","og_locale":"en_US","og_type":"article","og_title":"Qui\u00e9nes somos_old - PiTEGRITY","og_description":"En PiTEGRITY, tenemos como objetivo alcanzar a potenciales clientes que busquen mejorar sus procesos y activos a trav\u00e9s de la fiabilidad","og_url":"https:\/\/www.pitegrity.com\/en\/quienes-somos_old\/","og_site_name":"PiTEGRITY","article_modified_time":"2026-01-13T17:30:44+00:00","og_image":[{"width":1536,"height":1024,"url":"https:\/\/www.pitegrity.com\/wp-content\/uploads\/2023\/07\/serv-01-1.jpg","type":"image\/jpeg"}],"twitter_card":"summary_large_image","twitter_misc":{"Est. reading time":"2 minutes"},"schema":{"@context":"https:\/\/schema.org","@graph":[{"@type":"WebPage","@id":"https:\/\/www.pitegrity.com\/quienes-somos_old\/","url":"https:\/\/www.pitegrity.com\/quienes-somos_old\/","name":"Qui\u00e9nes somos_old - PiTEGRITY","isPartOf":{"@id":"https:\/\/www.pitegrity.com\/#website"},"primaryImageOfPage":{"@id":"https:\/\/www.pitegrity.com\/quienes-somos_old\/#primaryimage"},"image":{"@id":"https:\/\/www.pitegrity.com\/quienes-somos_old\/#primaryimage"},"thumbnailUrl":"https:\/\/www.pitegrity.com\/wp-content\/uploads\/2023\/07\/serv-01-1-1024x683.jpg","datePublished":"2023-07-26T09:29:45+00:00","dateModified":"2026-01-13T17:30:44+00:00","description":"En PiTEGRITY, tenemos como objetivo alcanzar a potenciales clientes que busquen mejorar sus procesos y activos a trav\u00e9s de la fiabilidad","breadcrumb":{"@id":"https:\/\/www.pitegrity.com\/quienes-somos_old\/#breadcrumb"},"inLanguage":"en-US","potentialAction":[{"@type":"ReadAction","target":["https:\/\/www.pitegrity.com\/quienes-somos_old\/"]}]},{"@type":"ImageObject","inLanguage":"en-US","@id":"https:\/\/www.pitegrity.com\/quienes-somos_old\/#primaryimage","url":"https:\/\/www.pitegrity.com\/wp-content\/uploads\/2023\/07\/serv-01-1-1024x683.jpg","contentUrl":"https:\/\/www.pitegrity.com\/wp-content\/uploads\/2023\/07\/serv-01-1-1024x683.jpg"},{"@type":"BreadcrumbList","@id":"https:\/\/www.pitegrity.com\/quienes-somos_old\/#breadcrumb","itemListElement":[{"@type":"ListItem","position":1,"name":"Portada","item":"https:\/\/www.pitegrity.com\/"},{"@type":"ListItem","position":2,"name":"Qui\u00e9nes somos_old"}]},{"@type":"WebSite","@id":"https:\/\/www.pitegrity.com\/#website","url":"https:\/\/www.pitegrity.com\/","name":"PiTEGRITY","description":"","publisher":{"@id":"https:\/\/www.pitegrity.com\/#organization"},"potentialAction":[{"@type":"SearchAction","target":{"@type":"EntryPoint","urlTemplate":"https:\/\/www.pitegrity.com\/?s={search_term_string}"},"query-input":{"@type":"PropertyValueSpecification","valueRequired":true,"valueName":"search_term_string"}}],"inLanguage":"en-US"},{"@type":"Organization","@id":"https:\/\/www.pitegrity.com\/#organization","name":"PiTEGRITY","url":"https:\/\/www.pitegrity.com\/","logo":{"@type":"ImageObject","inLanguage":"en-US","@id":"https:\/\/www.pitegrity.com\/#\/schema\/logo\/image\/","url":"https:\/\/www.pitegrity.com\/wp-content\/uploads\/2023\/07\/logo-trans.png","contentUrl":"https:\/\/www.pitegrity.com\/wp-content\/uploads\/2023\/07\/logo-trans.png","width":326,"height":110,"caption":"PiTEGRITY"},"image":{"@id":"https:\/\/www.pitegrity.com\/#\/schema\/logo\/image\/"}}]}},"_links":{"self":[{"href":"https:\/\/www.pitegrity.com\/en\/wp-json\/wp\/v2\/pages\/139","targetHints":{"allow":["GET"]}}],"collection":[{"href":"https:\/\/www.pitegrity.com\/en\/wp-json\/wp\/v2\/pages"}],"about":[{"href":"https:\/\/www.pitegrity.com\/en\/wp-json\/wp\/v2\/types\/page"}],"author":[{"embeddable":true,"href":"https:\/\/www.pitegrity.com\/en\/wp-json\/wp\/v2\/users\/1"}],"replies":[{"embeddable":true,"href":"https:\/\/www.pitegrity.com\/en\/wp-json\/wp\/v2\/comments?post=139"}],"version-history":[{"count":22,"href":"https:\/\/www.pitegrity.com\/en\/wp-json\/wp\/v2\/pages\/139\/revisions"}],"predecessor-version":[{"id":1461,"href":"https:\/\/www.pitegrity.com\/en\/wp-json\/wp\/v2\/pages\/139\/revisions\/1461"}],"wp:attachment":[{"href":"https:\/\/www.pitegrity.com\/en\/wp-json\/wp\/v2\/media?parent=139"}],"curies":[{"name":"wp","href":"https:\/\/api.w.org\/{rel}","templated":true}]}}