{"id":10,"date":"2023-07-07T13:05:59","date_gmt":"2023-07-07T11:05:59","guid":{"rendered":"https:\/\/www.pitegrity.com\/?page_id=10"},"modified":"2026-01-13T18:31:00","modified_gmt":"2026-01-13T17:31:00","slug":"servicios_old","status":"publish","type":"page","link":"https:\/\/www.pitegrity.com\/en\/servicios_old\/","title":{"rendered":"Servicios_old"},"content":{"rendered":"<div data-elementor-type=\"wp-page\" data-elementor-id=\"10\" class=\"elementor elementor-10\" data-elementor-post-type=\"page\">\n\t\t\t\t\t\t<section class=\"elementor-section elementor-top-section elementor-element elementor-element-d902559 elementor-section-content-middle elementor-reverse-tablet elementor-reverse-mobile elementor-section-boxed elementor-section-height-default elementor-section-height-default\" data-id=\"d902559\" data-element_type=\"section\" data-settings=\"{&quot;background_background&quot;:&quot;classic&quot;}\">\n\t\t\t\t\t\t<div class=\"elementor-container elementor-column-gap-default\">\n\t\t\t\t\t<div class=\"elementor-column elementor-col-50 elementor-top-column elementor-element elementor-element-5bfde5a\" data-id=\"5bfde5a\" data-element_type=\"column\">\n\t\t\t<div class=\"elementor-widget-wrap elementor-element-populated\">\n\t\t\t\t\t\t<div class=\"elementor-element elementor-element-8d98037 elementor-widget elementor-widget-heading\" data-id=\"8d98037\" data-element_type=\"widget\" data-widget_type=\"heading.default\">\n\t\t\t\t<div class=\"elementor-widget-container\">\n\t\t\t\t\t<h1 class=\"elementor-heading-title elementor-size-default\">Asesor\u00edas y Servicios<\/h1>\t\t\t\t<\/div>\n\t\t\t\t<\/div>\n\t\t\t\t<div class=\"elementor-element elementor-element-e9401a6 elementor-widget elementor-widget-text-editor\" data-id=\"e9401a6\" data-element_type=\"widget\" data-widget_type=\"text-editor.default\">\n\t\t\t\t<div class=\"elementor-widget-container\">\n\t\t\t\t\t\t\t\t\t<p>En PiTEGRITY, ofrecemos ASESOR\u00cdA en base al conocimiento y experiencia en la industria petroqu\u00edmica que permite aportar soluciones ajustadas y efectivas para clientes, sustentadas por est\u00e1ndares, normas y tecnolog\u00edas. Trabajamos para mantener sus sistemas y activos en \u00f3ptimo estado funcional, reflejando seguridad tanto en los procesos, personas y medio ambiente.<\/p>\t\t\t\t\t\t\t\t<\/div>\n\t\t\t\t<\/div>\n\t\t\t\t\t<\/div>\n\t\t<\/div>\n\t\t\t\t<div class=\"elementor-column elementor-col-50 elementor-top-column elementor-element elementor-element-f24dd36\" data-id=\"f24dd36\" data-element_type=\"column\">\n\t\t\t<div class=\"elementor-widget-wrap elementor-element-populated\">\n\t\t\t\t\t\t<div class=\"elementor-element elementor-element-cbff68f elementor-widget elementor-widget-video\" data-id=\"cbff68f\" data-element_type=\"widget\" data-settings=\"{&quot;video_type&quot;:&quot;hosted&quot;,&quot;autoplay&quot;:&quot;yes&quot;,&quot;play_on_mobile&quot;:&quot;yes&quot;,&quot;mute&quot;:&quot;yes&quot;,&quot;loop&quot;:&quot;yes&quot;}\" data-widget_type=\"video.default\">\n\t\t\t\t<div class=\"elementor-widget-container\">\n\t\t\t\t\t\t\t<div class=\"e-hosted-video elementor-wrapper elementor-open-inline\">\n\t\t\t\t\t<video class=\"elementor-video\" src=\"https:\/\/www.pitegrity.com\/wp-content\/uploads\/2023\/07\/19813067_1080p.mp4\" autoplay=\"\" loop=\"\" muted=\"muted\" playsinline=\"\" controlslist=\"nodownload\"><\/video>\n\t\t\t\t<\/div>\n\t\t\t\t\t\t<\/div>\n\t\t\t\t<\/div>\n\t\t\t\t\t<\/div>\n\t\t<\/div>\n\t\t\t\t\t<\/div>\n\t\t<\/section>\n\t\t\t\t<section class=\"elementor-section elementor-top-section elementor-element elementor-element-1c0ad06 elementor-section-content-middle elementor-section-boxed elementor-section-height-default elementor-section-height-default\" data-id=\"1c0ad06\" data-element_type=\"section\" data-settings=\"{&quot;background_background&quot;:&quot;classic&quot;}\">\n\t\t\t\t\t\t<div class=\"elementor-container elementor-column-gap-custom\">\n\t\t\t\t\t<div class=\"elementor-column elementor-col-100 elementor-top-column elementor-element elementor-element-5330c0f\" data-id=\"5330c0f\" data-element_type=\"column\">\n\t\t\t<div class=\"elementor-widget-wrap elementor-element-populated\">\n\t\t\t\t\t\t<div class=\"elementor-element elementor-element-b71f62e elementor-widget elementor-widget-heading\" data-id=\"b71f62e\" data-element_type=\"widget\" data-widget_type=\"heading.default\">\n\t\t\t\t<div class=\"elementor-widget-container\">\n\t\t\t\t\t<h4 class=\"elementor-heading-title elementor-size-default\">Services<\/h4>\t\t\t\t<\/div>\n\t\t\t\t<\/div>\n\t\t\t\t\t<\/div>\n\t\t<\/div>\n\t\t\t\t\t<\/div>\n\t\t<\/section>\n\t\t\t\t<section class=\"elementor-section elementor-top-section elementor-element elementor-element-f6cae1e elementor-section-content-middle elementor-section-boxed elementor-section-height-default elementor-section-height-default\" data-id=\"f6cae1e\" data-element_type=\"section\" data-settings=\"{&quot;background_background&quot;:&quot;classic&quot;}\">\n\t\t\t\t\t\t<div class=\"elementor-container elementor-column-gap-custom\">\n\t\t\t\t\t<div class=\"elementor-column elementor-col-25 elementor-top-column elementor-element elementor-element-dc514ae\" data-id=\"dc514ae\" data-element_type=\"column\">\n\t\t\t<div class=\"elementor-widget-wrap elementor-element-populated\">\n\t\t\t\t\t\t<div class=\"elementor-element elementor-element-b5eee16 elementor-widget elementor-widget-image\" data-id=\"b5eee16\" data-element_type=\"widget\" data-widget_type=\"image.default\">\n\t\t\t\t<div class=\"elementor-widget-container\">\n\t\t\t\t\t\t\t\t\t\t\t\t\t\t\t<img fetchpriority=\"high\" decoding=\"async\" width=\"329\" height=\"237\" src=\"https:\/\/www.pitegrity.com\/wp-content\/uploads\/2023\/07\/serv-01.jpg\" class=\"attachment-large size-large wp-image-101\" alt=\"\" srcset=\"https:\/\/www.pitegrity.com\/wp-content\/uploads\/2023\/07\/serv-01.jpg 329w, https:\/\/www.pitegrity.com\/wp-content\/uploads\/2023\/07\/serv-01-300x216.jpg 300w\" sizes=\"(max-width: 329px) 100vw, 329px\" \/>\t\t\t\t\t\t\t\t\t\t\t\t\t\t\t<\/div>\n\t\t\t\t<\/div>\n\t\t\t\t\t<\/div>\n\t\t<\/div>\n\t\t\t\t<div class=\"elementor-column elementor-col-25 elementor-top-column elementor-element elementor-element-f56f449\" data-id=\"f56f449\" data-element_type=\"column\">\n\t\t\t<div class=\"elementor-widget-wrap elementor-element-populated\">\n\t\t\t\t\t\t<div class=\"elementor-element elementor-element-6c90c97 elementor-widget elementor-widget-heading\" data-id=\"6c90c97\" data-element_type=\"widget\" data-widget_type=\"heading.default\">\n\t\t\t\t<div class=\"elementor-widget-container\">\n\t\t\t\t\t<h5 class=\"elementor-heading-title elementor-size-default\">Monitoreo de condiciones<\/h5>\t\t\t\t<\/div>\n\t\t\t\t<\/div>\n\t\t\t\t<div class=\"elementor-element elementor-element-28385f8 elementor-widget elementor-widget-text-editor\" data-id=\"28385f8\" data-element_type=\"widget\" data-widget_type=\"text-editor.default\">\n\t\t\t\t<div class=\"elementor-widget-container\">\n\t\t\t\t\t\t\t\t\t<p>Evaluaci\u00f3n de integridad de activos, riesgos y sistemas.<\/p>\t\t\t\t\t\t\t\t<\/div>\n\t\t\t\t<\/div>\n\t\t\t\t\t<\/div>\n\t\t<\/div>\n\t\t\t\t<div class=\"elementor-column elementor-col-25 elementor-top-column elementor-element elementor-element-1f3fd5c\" data-id=\"1f3fd5c\" data-element_type=\"column\">\n\t\t\t<div class=\"elementor-widget-wrap elementor-element-populated\">\n\t\t\t\t\t\t<div class=\"elementor-element elementor-element-688a627 elementor-widget elementor-widget-image\" data-id=\"688a627\" data-element_type=\"widget\" data-widget_type=\"image.default\">\n\t\t\t\t<div class=\"elementor-widget-container\">\n\t\t\t\t\t\t\t\t\t\t\t\t\t\t\t<img decoding=\"async\" width=\"329\" height=\"237\" src=\"https:\/\/www.pitegrity.com\/wp-content\/uploads\/2023\/07\/mant.jpg\" class=\"attachment-large size-large wp-image-102\" alt=\"\" srcset=\"https:\/\/www.pitegrity.com\/wp-content\/uploads\/2023\/07\/mant.jpg 329w, https:\/\/www.pitegrity.com\/wp-content\/uploads\/2023\/07\/mant-300x216.jpg 300w\" sizes=\"(max-width: 329px) 100vw, 329px\" \/>\t\t\t\t\t\t\t\t\t\t\t\t\t\t\t<\/div>\n\t\t\t\t<\/div>\n\t\t\t\t\t<\/div>\n\t\t<\/div>\n\t\t\t\t<div class=\"elementor-column elementor-col-25 elementor-top-column elementor-element elementor-element-1271eef\" data-id=\"1271eef\" data-element_type=\"column\">\n\t\t\t<div class=\"elementor-widget-wrap elementor-element-populated\">\n\t\t\t\t\t\t<div class=\"elementor-element elementor-element-34fda81 elementor-widget elementor-widget-heading\" data-id=\"34fda81\" data-element_type=\"widget\" data-widget_type=\"heading.default\">\n\t\t\t\t<div class=\"elementor-widget-container\">\n\t\t\t\t\t<h5 class=\"elementor-heading-title elementor-size-default\">Mantenimiento<\/h5>\t\t\t\t<\/div>\n\t\t\t\t<\/div>\n\t\t\t\t<div class=\"elementor-element elementor-element-52b5adb elementor-widget elementor-widget-text-editor\" data-id=\"52b5adb\" data-element_type=\"widget\" data-widget_type=\"text-editor.default\">\n\t\t\t\t<div class=\"elementor-widget-container\">\n\t\t\t\t\t\t\t\t\t<p>Evaluaci\u00f3n de sistemas operativos, activos y apoyo en actividades de mantenimiento.<\/p>\t\t\t\t\t\t\t\t<\/div>\n\t\t\t\t<\/div>\n\t\t\t\t\t<\/div>\n\t\t<\/div>\n\t\t\t\t\t<\/div>\n\t\t<\/section>\n\t\t\t\t<section class=\"elementor-section elementor-top-section elementor-element elementor-element-3f51107 elementor-section-content-middle elementor-section-boxed elementor-section-height-default elementor-section-height-default\" data-id=\"3f51107\" data-element_type=\"section\" data-settings=\"{&quot;background_background&quot;:&quot;classic&quot;}\">\n\t\t\t\t\t\t<div class=\"elementor-container elementor-column-gap-custom\">\n\t\t\t\t\t<div class=\"elementor-column elementor-col-25 elementor-top-column elementor-element elementor-element-c4c93c4\" data-id=\"c4c93c4\" data-element_type=\"column\">\n\t\t\t<div class=\"elementor-widget-wrap elementor-element-populated\">\n\t\t\t\t\t\t<div class=\"elementor-element elementor-element-5fbd57c elementor-widget elementor-widget-image\" data-id=\"5fbd57c\" data-element_type=\"widget\" data-widget_type=\"image.default\">\n\t\t\t\t<div class=\"elementor-widget-container\">\n\t\t\t\t\t\t\t\t\t\t\t\t\t\t\t<img decoding=\"async\" width=\"324\" height=\"233\" src=\"https:\/\/www.pitegrity.com\/wp-content\/uploads\/2023\/07\/03.jpg\" class=\"attachment-large size-large wp-image-39\" alt=\"\" srcset=\"https:\/\/www.pitegrity.com\/wp-content\/uploads\/2023\/07\/03.jpg 324w, https:\/\/www.pitegrity.com\/wp-content\/uploads\/2023\/07\/03-300x216.jpg 300w\" sizes=\"(max-width: 324px) 100vw, 324px\" \/>\t\t\t\t\t\t\t\t\t\t\t\t\t\t\t<\/div>\n\t\t\t\t<\/div>\n\t\t\t\t\t<\/div>\n\t\t<\/div>\n\t\t\t\t<div class=\"elementor-column elementor-col-25 elementor-top-column elementor-element elementor-element-f7ae77d\" data-id=\"f7ae77d\" data-element_type=\"column\">\n\t\t\t<div class=\"elementor-widget-wrap elementor-element-populated\">\n\t\t\t\t\t\t<div class=\"elementor-element elementor-element-f06c573 elementor-widget elementor-widget-heading\" data-id=\"f06c573\" data-element_type=\"widget\" data-widget_type=\"heading.default\">\n\t\t\t\t<div class=\"elementor-widget-container\">\n\t\t\t\t\t<h5 class=\"elementor-heading-title elementor-size-default\">Dise\u00f1o<\/h5>\t\t\t\t<\/div>\n\t\t\t\t<\/div>\n\t\t\t\t<div class=\"elementor-element elementor-element-8bdb67c elementor-widget elementor-widget-text-editor\" data-id=\"8bdb67c\" data-element_type=\"widget\" data-widget_type=\"text-editor.default\">\n\t\t\t\t<div class=\"elementor-widget-container\">\n\t\t\t\t\t\t\t\t\t<p>Procedimientos, procesos e ingenier\u00eda de proyectos.<\/p>\t\t\t\t\t\t\t\t<\/div>\n\t\t\t\t<\/div>\n\t\t\t\t\t<\/div>\n\t\t<\/div>\n\t\t\t\t<div class=\"elementor-column elementor-col-25 elementor-top-column elementor-element elementor-element-b8f1d01\" data-id=\"b8f1d01\" data-element_type=\"column\">\n\t\t\t<div class=\"elementor-widget-wrap elementor-element-populated\">\n\t\t\t\t\t\t<div class=\"elementor-element elementor-element-92be9fb elementor-widget elementor-widget-image\" data-id=\"92be9fb\" data-element_type=\"widget\" data-widget_type=\"image.default\">\n\t\t\t\t<div class=\"elementor-widget-container\">\n\t\t\t\t\t\t\t\t\t\t\t\t\t\t\t<img loading=\"lazy\" decoding=\"async\" width=\"324\" height=\"233\" src=\"https:\/\/www.pitegrity.com\/wp-content\/uploads\/2023\/07\/04.jpg\" class=\"attachment-large size-large wp-image-41\" alt=\"\" srcset=\"https:\/\/www.pitegrity.com\/wp-content\/uploads\/2023\/07\/04.jpg 324w, https:\/\/www.pitegrity.com\/wp-content\/uploads\/2023\/07\/04-300x216.jpg 300w\" sizes=\"(max-width: 324px) 100vw, 324px\" \/>\t\t\t\t\t\t\t\t\t\t\t\t\t\t\t<\/div>\n\t\t\t\t<\/div>\n\t\t\t\t\t<\/div>\n\t\t<\/div>\n\t\t\t\t<div class=\"elementor-column elementor-col-25 elementor-top-column elementor-element elementor-element-42f7a99\" data-id=\"42f7a99\" data-element_type=\"column\">\n\t\t\t<div class=\"elementor-widget-wrap elementor-element-populated\">\n\t\t\t\t\t\t<div class=\"elementor-element elementor-element-edd0cd6 elementor-widget elementor-widget-heading\" data-id=\"edd0cd6\" data-element_type=\"widget\" data-widget_type=\"heading.default\">\n\t\t\t\t<div class=\"elementor-widget-container\">\n\t\t\t\t\t<h5 class=\"elementor-heading-title elementor-size-default\">Soluciones<\/h5>\t\t\t\t<\/div>\n\t\t\t\t<\/div>\n\t\t\t\t<div class=\"elementor-element elementor-element-04b5305 elementor-widget elementor-widget-text-editor\" data-id=\"04b5305\" data-element_type=\"widget\" data-widget_type=\"text-editor.default\">\n\t\t\t\t<div class=\"elementor-widget-container\">\n\t\t\t\t\t\t\t\t\t<p>Planes de mantenimiento seg\u00fan est\u00e1ndares, aplicaci\u00f3n de tecnolog\u00eda y an\u00e1lisis.<\/p>\t\t\t\t\t\t\t\t<\/div>\n\t\t\t\t<\/div>\n\t\t\t\t\t<\/div>\n\t\t<\/div>\n\t\t\t\t\t<\/div>\n\t\t<\/section>\n\t\t\t\t<\/div>","protected":false},"excerpt":{"rendered":"<p>Asesor\u00edas y Servicios En PiTEGRITY, ofrecemos ASESOR\u00cdA en base al conocimiento y experiencia en la industria petroqu\u00edmica que permite aportar soluciones ajustadas y efectivas para clientes, sustentadas por est\u00e1ndares, normas y tecnolog\u00edas. Trabajamos para mantener sus sistemas y activos en \u00f3ptimo estado funcional, reflejando seguridad tanto en los procesos, personas y medio ambiente. https:\/\/www.pitegrity.com\/wp-content\/uploads\/2023\/07\/19813067_1080p.mp4 Servicios [&hellip;]<\/p>","protected":false},"author":1,"featured_media":0,"parent":0,"menu_order":0,"comment_status":"closed","ping_status":"closed","template":"","meta":{"footnotes":""},"class_list":["post-10","page","type-page","status-publish","hentry"],"yoast_head":"<!-- This site is optimized with the Yoast SEO plugin v25.7 - https:\/\/yoast.com\/wordpress\/plugins\/seo\/ -->\n<title>PiTEGRITY | Asesor\u00edas y Servicios<\/title>\n<meta name=\"description\" content=\"Ofrecemos ASESOR\u00cdA en base al conocimiento y experiencia en la industria petroqu\u00edmica que permite aportar soluciones ajustadas y efectivas\" \/>\n<meta name=\"robots\" content=\"index, follow, max-snippet:-1, max-image-preview:large, max-video-preview:-1\" \/>\n<link rel=\"canonical\" href=\"https:\/\/www.pitegrity.com\/en\/servicios_old\/\" \/>\n<meta property=\"og:locale\" content=\"en_US\" \/>\n<meta property=\"og:type\" content=\"article\" \/>\n<meta property=\"og:title\" content=\"PiTEGRITY | Asesor\u00edas y Servicios\" \/>\n<meta property=\"og:description\" content=\"Ofrecemos ASESOR\u00cdA en base al conocimiento y experiencia en la industria petroqu\u00edmica que permite aportar soluciones ajustadas y efectivas\" \/>\n<meta property=\"og:url\" content=\"https:\/\/www.pitegrity.com\/en\/servicios_old\/\" \/>\n<meta property=\"og:site_name\" content=\"PiTEGRITY\" \/>\n<meta property=\"article:modified_time\" content=\"2026-01-13T17:31:00+00:00\" \/>\n<meta property=\"og:image\" content=\"https:\/\/www.pitegrity.com\/wp-content\/uploads\/2023\/07\/serv-01.jpg\" \/>\n\t<meta property=\"og:image:width\" content=\"329\" \/>\n\t<meta property=\"og:image:height\" content=\"237\" \/>\n\t<meta property=\"og:image:type\" content=\"image\/jpeg\" \/>\n<meta name=\"twitter:card\" content=\"summary_large_image\" \/>\n<meta name=\"twitter:label1\" content=\"Est. reading time\" \/>\n\t<meta name=\"twitter:data1\" content=\"2 minutes\" \/>\n<script type=\"application\/ld+json\" class=\"yoast-schema-graph\">{\"@context\":\"https:\/\/schema.org\",\"@graph\":[{\"@type\":\"WebPage\",\"@id\":\"https:\/\/www.pitegrity.com\/servicios_old\/\",\"url\":\"https:\/\/www.pitegrity.com\/servicios_old\/\",\"name\":\"PiTEGRITY | Asesor\u00edas y Servicios\",\"isPartOf\":{\"@id\":\"https:\/\/www.pitegrity.com\/#website\"},\"primaryImageOfPage\":{\"@id\":\"https:\/\/www.pitegrity.com\/servicios_old\/#primaryimage\"},\"image\":{\"@id\":\"https:\/\/www.pitegrity.com\/servicios_old\/#primaryimage\"},\"thumbnailUrl\":\"https:\/\/www.pitegrity.com\/wp-content\/uploads\/2023\/07\/serv-01.jpg\",\"datePublished\":\"2023-07-07T11:05:59+00:00\",\"dateModified\":\"2026-01-13T17:31:00+00:00\",\"description\":\"Ofrecemos ASESOR\u00cdA en base al conocimiento y experiencia en la industria petroqu\u00edmica que permite aportar soluciones ajustadas y efectivas\",\"breadcrumb\":{\"@id\":\"https:\/\/www.pitegrity.com\/servicios_old\/#breadcrumb\"},\"inLanguage\":\"en-US\",\"potentialAction\":[{\"@type\":\"ReadAction\",\"target\":[\"https:\/\/www.pitegrity.com\/servicios_old\/\"]}]},{\"@type\":\"ImageObject\",\"inLanguage\":\"en-US\",\"@id\":\"https:\/\/www.pitegrity.com\/servicios_old\/#primaryimage\",\"url\":\"https:\/\/www.pitegrity.com\/wp-content\/uploads\/2023\/07\/serv-01.jpg\",\"contentUrl\":\"https:\/\/www.pitegrity.com\/wp-content\/uploads\/2023\/07\/serv-01.jpg\"},{\"@type\":\"BreadcrumbList\",\"@id\":\"https:\/\/www.pitegrity.com\/servicios_old\/#breadcrumb\",\"itemListElement\":[{\"@type\":\"ListItem\",\"position\":1,\"name\":\"Portada\",\"item\":\"https:\/\/www.pitegrity.com\/\"},{\"@type\":\"ListItem\",\"position\":2,\"name\":\"Servicios_old\"}]},{\"@type\":\"WebSite\",\"@id\":\"https:\/\/www.pitegrity.com\/#website\",\"url\":\"https:\/\/www.pitegrity.com\/\",\"name\":\"PiTEGRITY\",\"description\":\"\",\"publisher\":{\"@id\":\"https:\/\/www.pitegrity.com\/#organization\"},\"potentialAction\":[{\"@type\":\"SearchAction\",\"target\":{\"@type\":\"EntryPoint\",\"urlTemplate\":\"https:\/\/www.pitegrity.com\/?s={search_term_string}\"},\"query-input\":{\"@type\":\"PropertyValueSpecification\",\"valueRequired\":true,\"valueName\":\"search_term_string\"}}],\"inLanguage\":\"en-US\"},{\"@type\":\"Organization\",\"@id\":\"https:\/\/www.pitegrity.com\/#organization\",\"name\":\"PiTEGRITY\",\"url\":\"https:\/\/www.pitegrity.com\/\",\"logo\":{\"@type\":\"ImageObject\",\"inLanguage\":\"en-US\",\"@id\":\"https:\/\/www.pitegrity.com\/#\/schema\/logo\/image\/\",\"url\":\"https:\/\/www.pitegrity.com\/wp-content\/uploads\/2023\/07\/logo-trans.png\",\"contentUrl\":\"https:\/\/www.pitegrity.com\/wp-content\/uploads\/2023\/07\/logo-trans.png\",\"width\":326,\"height\":110,\"caption\":\"PiTEGRITY\"},\"image\":{\"@id\":\"https:\/\/www.pitegrity.com\/#\/schema\/logo\/image\/\"}}]}<\/script>\n<!-- \/ Yoast SEO plugin. -->","yoast_head_json":{"title":"PiTEGRITY | Asesor\u00edas y Servicios","description":"Ofrecemos ASESOR\u00cdA en base al conocimiento y experiencia en la industria petroqu\u00edmica que permite aportar soluciones ajustadas y efectivas","robots":{"index":"index","follow":"follow","max-snippet":"max-snippet:-1","max-image-preview":"max-image-preview:large","max-video-preview":"max-video-preview:-1"},"canonical":"https:\/\/www.pitegrity.com\/en\/servicios_old\/","og_locale":"en_US","og_type":"article","og_title":"PiTEGRITY | Asesor\u00edas y Servicios","og_description":"Ofrecemos ASESOR\u00cdA en base al conocimiento y experiencia en la industria petroqu\u00edmica que permite aportar soluciones ajustadas y efectivas","og_url":"https:\/\/www.pitegrity.com\/en\/servicios_old\/","og_site_name":"PiTEGRITY","article_modified_time":"2026-01-13T17:31:00+00:00","og_image":[{"width":329,"height":237,"url":"https:\/\/www.pitegrity.com\/wp-content\/uploads\/2023\/07\/serv-01.jpg","type":"image\/jpeg"}],"twitter_card":"summary_large_image","twitter_misc":{"Est. reading time":"2 minutes"},"schema":{"@context":"https:\/\/schema.org","@graph":[{"@type":"WebPage","@id":"https:\/\/www.pitegrity.com\/servicios_old\/","url":"https:\/\/www.pitegrity.com\/servicios_old\/","name":"PiTEGRITY | Asesor\u00edas y Servicios","isPartOf":{"@id":"https:\/\/www.pitegrity.com\/#website"},"primaryImageOfPage":{"@id":"https:\/\/www.pitegrity.com\/servicios_old\/#primaryimage"},"image":{"@id":"https:\/\/www.pitegrity.com\/servicios_old\/#primaryimage"},"thumbnailUrl":"https:\/\/www.pitegrity.com\/wp-content\/uploads\/2023\/07\/serv-01.jpg","datePublished":"2023-07-07T11:05:59+00:00","dateModified":"2026-01-13T17:31:00+00:00","description":"Ofrecemos ASESOR\u00cdA en base al conocimiento y experiencia en la industria petroqu\u00edmica que permite aportar soluciones ajustadas y efectivas","breadcrumb":{"@id":"https:\/\/www.pitegrity.com\/servicios_old\/#breadcrumb"},"inLanguage":"en-US","potentialAction":[{"@type":"ReadAction","target":["https:\/\/www.pitegrity.com\/servicios_old\/"]}]},{"@type":"ImageObject","inLanguage":"en-US","@id":"https:\/\/www.pitegrity.com\/servicios_old\/#primaryimage","url":"https:\/\/www.pitegrity.com\/wp-content\/uploads\/2023\/07\/serv-01.jpg","contentUrl":"https:\/\/www.pitegrity.com\/wp-content\/uploads\/2023\/07\/serv-01.jpg"},{"@type":"BreadcrumbList","@id":"https:\/\/www.pitegrity.com\/servicios_old\/#breadcrumb","itemListElement":[{"@type":"ListItem","position":1,"name":"Portada","item":"https:\/\/www.pitegrity.com\/"},{"@type":"ListItem","position":2,"name":"Servicios_old"}]},{"@type":"WebSite","@id":"https:\/\/www.pitegrity.com\/#website","url":"https:\/\/www.pitegrity.com\/","name":"PiTEGRITY","description":"","publisher":{"@id":"https:\/\/www.pitegrity.com\/#organization"},"potentialAction":[{"@type":"SearchAction","target":{"@type":"EntryPoint","urlTemplate":"https:\/\/www.pitegrity.com\/?s={search_term_string}"},"query-input":{"@type":"PropertyValueSpecification","valueRequired":true,"valueName":"search_term_string"}}],"inLanguage":"en-US"},{"@type":"Organization","@id":"https:\/\/www.pitegrity.com\/#organization","name":"PiTEGRITY","url":"https:\/\/www.pitegrity.com\/","logo":{"@type":"ImageObject","inLanguage":"en-US","@id":"https:\/\/www.pitegrity.com\/#\/schema\/logo\/image\/","url":"https:\/\/www.pitegrity.com\/wp-content\/uploads\/2023\/07\/logo-trans.png","contentUrl":"https:\/\/www.pitegrity.com\/wp-content\/uploads\/2023\/07\/logo-trans.png","width":326,"height":110,"caption":"PiTEGRITY"},"image":{"@id":"https:\/\/www.pitegrity.com\/#\/schema\/logo\/image\/"}}]}},"_links":{"self":[{"href":"https:\/\/www.pitegrity.com\/en\/wp-json\/wp\/v2\/pages\/10","targetHints":{"allow":["GET"]}}],"collection":[{"href":"https:\/\/www.pitegrity.com\/en\/wp-json\/wp\/v2\/pages"}],"about":[{"href":"https:\/\/www.pitegrity.com\/en\/wp-json\/wp\/v2\/types\/page"}],"author":[{"embeddable":true,"href":"https:\/\/www.pitegrity.com\/en\/wp-json\/wp\/v2\/users\/1"}],"replies":[{"embeddable":true,"href":"https:\/\/www.pitegrity.com\/en\/wp-json\/wp\/v2\/comments?post=10"}],"version-history":[{"count":82,"href":"https:\/\/www.pitegrity.com\/en\/wp-json\/wp\/v2\/pages\/10\/revisions"}],"predecessor-version":[{"id":1463,"href":"https:\/\/www.pitegrity.com\/en\/wp-json\/wp\/v2\/pages\/10\/revisions\/1463"}],"wp:attachment":[{"href":"https:\/\/www.pitegrity.com\/en\/wp-json\/wp\/v2\/media?parent=10"}],"curies":[{"name":"wp","href":"https:\/\/api.w.org\/{rel}","templated":true}]}}